{"id":4109,"date":"2024-01-10T12:59:24","date_gmt":"2024-01-10T11:59:24","guid":{"rendered":"https:\/\/eixos.visiondigital.ar\/nuestra-academia"},"modified":"2025-07-16T16:45:13","modified_gmt":"2025-07-16T14:45:13","slug":"actividades-tecnologicas-artisticas-vila-olimpica-poblenou","status":"publish","type":"page","link":"https:\/\/eixos.visiondigital.ar\/es\/actividades-tecnologicas-artisticas-vila-olimpica-poblenou\/","title":{"rendered":"Nuestra academia"},"content":{"rendered":"\t\t<div data-elementor-type=\"wp-page\" data-elementor-id=\"4109\" class=\"elementor elementor-4109 elementor-42\" data-elementor-settings=\"{&quot;element_pack_global_tooltip_width&quot;:{&quot;unit&quot;:&quot;px&quot;,&quot;size&quot;:&quot;&quot;,&quot;sizes&quot;:[]},&quot;element_pack_global_tooltip_width_tablet&quot;:{&quot;unit&quot;:&quot;px&quot;,&quot;size&quot;:&quot;&quot;,&quot;sizes&quot;:[]},&quot;element_pack_global_tooltip_width_mobile&quot;:{&quot;unit&quot;:&quot;px&quot;,&quot;size&quot;:&quot;&quot;,&quot;sizes&quot;:[]},&quot;element_pack_global_tooltip_padding&quot;:{&quot;unit&quot;:&quot;px&quot;,&quot;top&quot;:&quot;&quot;,&quot;right&quot;:&quot;&quot;,&quot;bottom&quot;:&quot;&quot;,&quot;left&quot;:&quot;&quot;,&quot;isLinked&quot;:true},&quot;element_pack_global_tooltip_padding_tablet&quot;:{&quot;unit&quot;:&quot;px&quot;,&quot;top&quot;:&quot;&quot;,&quot;right&quot;:&quot;&quot;,&quot;bottom&quot;:&quot;&quot;,&quot;left&quot;:&quot;&quot;,&quot;isLinked&quot;:true},&quot;element_pack_global_tooltip_padding_mobile&quot;:{&quot;unit&quot;:&quot;px&quot;,&quot;top&quot;:&quot;&quot;,&quot;right&quot;:&quot;&quot;,&quot;bottom&quot;:&quot;&quot;,&quot;left&quot;:&quot;&quot;,&quot;isLinked&quot;:true},&quot;element_pack_global_tooltip_border_radius&quot;:{&quot;unit&quot;:&quot;px&quot;,&quot;top&quot;:&quot;&quot;,&quot;right&quot;:&quot;&quot;,&quot;bottom&quot;:&quot;&quot;,&quot;left&quot;:&quot;&quot;,&quot;isLinked&quot;:true},&quot;element_pack_global_tooltip_border_radius_tablet&quot;:{&quot;unit&quot;:&quot;px&quot;,&quot;top&quot;:&quot;&quot;,&quot;right&quot;:&quot;&quot;,&quot;bottom&quot;:&quot;&quot;,&quot;left&quot;:&quot;&quot;,&quot;isLinked&quot;:true},&quot;element_pack_global_tooltip_border_radius_mobile&quot;:{&quot;unit&quot;:&quot;px&quot;,&quot;top&quot;:&quot;&quot;,&quot;right&quot;:&quot;&quot;,&quot;bottom&quot;:&quot;&quot;,&quot;left&quot;:&quot;&quot;,&quot;isLinked&quot;:true}}\" data-elementor-post-type=\"page\">\n\t\t\t\t<div class=\"elementor-element elementor-element-0f42565 e-con-full e-flex e-con e-parent\" data-id=\"0f42565\" data-element_type=\"container\" data-e-type=\"container\" data-settings=\"{&quot;background_background&quot;:&quot;classic&quot;}\">\n\t\t\t\t<div class=\"elementor-element elementor-element-452bdc0 elementor-widget elementor-widget-image\" data-id=\"452bdc0\" data-element_type=\"widget\" data-e-type=\"widget\" data-widget_type=\"image.default\">\n\t\t\t\t<div class=\"elementor-widget-container\">\n\t\t\t\t\t\t\t\t\t\t\t\t\t\t\t<img fetchpriority=\"high\" decoding=\"async\" width=\"1600\" height=\"720\" src=\"https:\/\/eixos.visiondigital.ar\/wp-content\/uploads\/2024\/02\/nuestra-academia1.webp\" class=\"attachment-full size-full wp-image-4919\" alt=\"nuestra academia\" srcset=\"https:\/\/eixos.visiondigital.ar\/wp-content\/uploads\/2024\/02\/nuestra-academia1.webp 1600w, https:\/\/eixos.visiondigital.ar\/wp-content\/uploads\/2024\/02\/nuestra-academia1-300x135.webp 300w, https:\/\/eixos.visiondigital.ar\/wp-content\/uploads\/2024\/02\/nuestra-academia1-1024x461.webp 1024w, https:\/\/eixos.visiondigital.ar\/wp-content\/uploads\/2024\/02\/nuestra-academia1-768x346.webp 768w, https:\/\/eixos.visiondigital.ar\/wp-content\/uploads\/2024\/02\/nuestra-academia1-1536x691.webp 1536w\" sizes=\"(max-width: 1600px) 100vw, 1600px\" \/>\t\t\t\t\t\t\t\t\t\t\t\t\t\t\t<\/div>\n\t\t\t\t<\/div>\n\t\t\t\t<\/div>\n\t\t<div class=\"elementor-element elementor-element-546e07f e-flex e-con-boxed e-con e-parent\" data-id=\"546e07f\" data-element_type=\"container\" data-e-type=\"container\">\n\t\t\t\t\t<div class=\"e-con-inner\">\n\t\t<div class=\"elementor-element elementor-element-47b50e6 e-con-full e-flex e-con e-child\" data-id=\"47b50e6\" data-element_type=\"container\" data-e-type=\"container\">\n\t\t\t\t<div class=\"elementor-element elementor-element-097e251 elementor-widget elementor-widget-heading\" data-id=\"097e251\" data-element_type=\"widget\" data-e-type=\"widget\" data-widget_type=\"heading.default\">\n\t\t\t\t<div class=\"elementor-widget-container\">\n\t\t\t\t\t<h2 class=\"elementor-heading-title elementor-size-default\">Nuestro centro<\/h2>\t\t\t\t<\/div>\n\t\t\t\t<\/div>\n\t\t\t\t<div data-dce-text-color=\"#000000\" class=\"elementor-element elementor-element-54a30d7 elementor-widget elementor-widget-text-editor\" data-id=\"54a30d7\" data-element_type=\"widget\" data-e-type=\"widget\" data-widget_type=\"text-editor.default\">\n\t\t\t\t<div class=\"elementor-widget-container\">\n\t\t\t\t\t\t\t\t\t<p>Nuestro centro est\u00e1 ubicado en el barrio de La Vila Ol\u00edmpica de Barcelona, en el distrito de Sant Mart\u00ed. Es un espacio di\u00e1fano y muy luminoso donde impartimos diferentes tipos de actividades<b>: Extraescolares, talleres puntuales, campus de verano y fiestas de cumplea\u00f1os.<\/b><\/p><p><span style=\"font-weight: 400;\">\u00c9stas son las actividades para el curso 2025-2026:<\/span><\/p>\t\t\t\t\t\t\t\t<\/div>\n\t\t\t\t<\/div>\n\t\t\t\t<div data-dce-title-color=\"#FFFFFF\" class=\"elementor-element elementor-element-3ac6b44 elementor-widget elementor-widget-bdt-tabs\" data-id=\"3ac6b44\" data-element_type=\"widget\" data-e-type=\"widget\" data-widget_type=\"bdt-tabs.default\">\n\t\t\t\t<div class=\"elementor-widget-container\">\n\t\t\t\t\t        <div class=\"bdt-tabs-area\">\n\n            <div id=\"bdt-tabs-3ac6b44-5928\" class=\"bdt-tabs  bdt-tabs-default fullwidth-on-mobile\" data-settings=\"{&quot;id&quot;:&quot;bdt-tabs-3ac6b44-5928&quot;,&quot;activeHash&quot;:&quot;no&quot;,&quot;hashTopOffset&quot;:70,&quot;hashScrollspyTime&quot;:1500,&quot;navStickyOffset&quot;:1,&quot;activeItem&quot;:1,&quot;linkWidgetId&quot;:&quot;3ac6b44-5928&quot;}\">\n                        <div class=\"bdt-tab-wrapper bdt-flex bdt-flex-left\">\n            <div class=\"bdt-tabs-wrap-inside\">\n                <div class=\"bdt-tab bdt-tab-default  bdt-flex bdt-flex-left\" data-bdt-tab=\"connect: #bdt-tab-content-3ac6b44-5928; animation: bdt-animation-fade; duration: 200;\">\n                                            <div class=\"bdt-tabs-item bdt-active\">\n                            <a data-title=\"Lunes\" class=\"bdt-tabs-item-title\" id=\"bdt-tab-Lunes\" data-tab-index=\"0\" href=\"#\">\n                                <div class=\"bdt-tab-text-wrapper bdt-flex-column\">\n\n                                    <div class=\"bdt-tab-title-icon-wrapper bdt-flex bdt-flex-middle\">\n\n                                        \n                                                                                    <span class=\"bdt-tab-text\">\n                                                Lunes                                            <\/span>\n                                                                                \n\n                                    <\/div>\n\n                                    \n                                <\/div>\n                            <\/a>\n                        <\/div>\n                                            <div class=\"bdt-tabs-item\">\n                            <a data-title=\"Martes\" class=\"bdt-tabs-item-title\" id=\"bdt-tab-Martes\" data-tab-index=\"1\" href=\"#\">\n                                <div class=\"bdt-tab-text-wrapper bdt-flex-column\">\n\n                                    <div class=\"bdt-tab-title-icon-wrapper bdt-flex bdt-flex-middle\">\n\n                                        \n                                                                                    <span class=\"bdt-tab-text\">\n                                                Martes                                            <\/span>\n                                                                                \n\n                                    <\/div>\n\n                                    \n                                <\/div>\n                            <\/a>\n                        <\/div>\n                                            <div class=\"bdt-tabs-item\">\n                            <a data-title=\"Mi\u00e9rcoles\" class=\"bdt-tabs-item-title\" id=\"bdt-tab-Mi\u00e9rcoles\" data-tab-index=\"2\" href=\"#\">\n                                <div class=\"bdt-tab-text-wrapper bdt-flex-column\">\n\n                                    <div class=\"bdt-tab-title-icon-wrapper bdt-flex bdt-flex-middle\">\n\n                                        \n                                                                                    <span class=\"bdt-tab-text\">\n                                                Mi\u00e9rcoles                                            <\/span>\n                                                                                \n\n                                    <\/div>\n\n                                    \n                                <\/div>\n                            <\/a>\n                        <\/div>\n                                            <div class=\"bdt-tabs-item\">\n                            <a data-title=\"Jueves\" class=\"bdt-tabs-item-title\" id=\"bdt-tab-Jueves\" data-tab-index=\"3\" href=\"#\">\n                                <div class=\"bdt-tab-text-wrapper bdt-flex-column\">\n\n                                    <div class=\"bdt-tab-title-icon-wrapper bdt-flex bdt-flex-middle\">\n\n                                        \n                                                                                    <span class=\"bdt-tab-text\">\n                                                Jueves                                            <\/span>\n                                                                                \n\n                                    <\/div>\n\n                                    \n                                <\/div>\n                            <\/a>\n                        <\/div>\n                                    <\/div>\n            <\/div>\n        <\/div>\n\n        <div class=\"bdt-switcher-wrapper\">\n            <div id=\"bdt-tab-content-3ac6b44-5928\" class=\"bdt-switcher bdt-switcher-item-content\">\n                                                        <div class=\"bdt-tab-content-item bdt-active\" \n                    data-content-id=\"lunes\">\n                        <div>\n                            <p><strong>De 17:30 a 19:00<\/strong><\/p><ul><li><a href=\"https:\/\/eixos.visiondigital.ar\/es\/actividades-extraescolares-barcelona\/comic-primaria\/\">C\u00f3mic<\/a> de 9 a 14 anys.<\/li><\/ul>                        <\/div>\n                    <\/div>\n                                                        <div class=\"bdt-tab-content-item \" \n                    data-content-id=\"martes\">\n                        <div>\n                            <p><strong>De 17:30 a 18:30<\/strong>\u00a0<\/p><ul><li><a href=\"https:\/\/eixos.visiondigital.ar\/es\/categoria-extraescolar\/modelado-con-jumpingclay\/\">Modelado con Honey Clay <\/a>de 4 a 12 anys<\/li><li><a href=\"https:\/\/eixos.visiondigital.ar\/es\/actividades-extraescolares-barcelona\/infantil\/\">Tecnologia Creativa Infantil<\/a> (I4-I5)<\/li><\/ul>                        <\/div>\n                    <\/div>\n                                                        <div class=\"bdt-tab-content-item \" \n                    data-content-id=\"mi-rcoles\">\n                        <div>\n                            <p><strong>De 17:30 a 18:30<\/strong>\u00a0<\/p><ul><li><p><a title=\"Tecnologia creativa i rob\u00f2tica\" href=\"https:\/\/eixos.visiondigital.ar\/es\/actividades-extraescolares-barcelona\/primaria-1o-a-3o\/\">Tecnologia Creativa <\/a>(De 1\u00ba a 3\u00ba de primaria)<\/p><\/li><li><p><a href=\"https:\/\/eixos.visiondigital.ar\/es\/actividades-extraescolares-barcelona\/primaria-4o-a-6o\/\">Tecnologia Creativa<\/a> (De 4\u00ba a 6\u00ba de primaria)<\/p><\/li><\/ul>                        <\/div>\n                    <\/div>\n                                                        <div class=\"bdt-tab-content-item \" \n                    data-content-id=\"jueves\">\n                        <div>\n                            <p><strong>De 17:30 a 18<\/strong><strong>:30<\/strong>\u00a0<\/p><ul><li><p><a href=\"https:\/\/eixos.visiondigital.ar\/es\/categoria-extraescolar\/juegos-lab\/\">JocsLab \u2013 De 1r a 6\u00e8 (<\/a>Extraescolar de juegos de mesa)<\/p><\/li><\/ul><p><strong>De 17:30 a 19<\/strong><strong>:00<\/strong>\u00a0<\/p><ul><li><a href=\"https:\/\/eixos.visiondigital.ar\/es\/actividades-extraescolares-barcelona\/secundaria\/\">Tecnologia Creativa Secundaria<\/a>: De 12 a 16 a\u00f1os.<\/li><\/ul>                        <\/div>\n                    <\/div>\n                            <\/div>\n        <\/div>\n                    <a href=\"#\" id=\"bottom-anchor-3ac6b44-5928\" data-bdt-hidden><\/a>\n            <\/div>\n        <\/div>\n    \t\t\t\t<\/div>\n\t\t\t\t<\/div>\n\t\t\t\t<\/div>\n\t\t<div class=\"elementor-element elementor-element-3443324 e-con-full e-flex e-con e-child\" data-id=\"3443324\" data-element_type=\"container\" data-e-type=\"container\">\n\t\t\t\t<div class=\"elementor-element elementor-element-441acbf elementor-widget elementor-widget-gallery\" data-id=\"441acbf\" data-element_type=\"widget\" data-e-type=\"widget\" data-settings=\"{&quot;aspect_ratio&quot;:&quot;1:1&quot;,&quot;columns_mobile&quot;:2,&quot;columns&quot;:2,&quot;lazyload&quot;:&quot;yes&quot;,&quot;gallery_layout&quot;:&quot;grid&quot;,&quot;columns_tablet&quot;:2,&quot;gap&quot;:{&quot;unit&quot;:&quot;px&quot;,&quot;size&quot;:10,&quot;sizes&quot;:[]},&quot;gap_tablet&quot;:{&quot;unit&quot;:&quot;px&quot;,&quot;size&quot;:10,&quot;sizes&quot;:[]},&quot;gap_mobile&quot;:{&quot;unit&quot;:&quot;px&quot;,&quot;size&quot;:10,&quot;sizes&quot;:[]},&quot;link_to&quot;:&quot;file&quot;,&quot;overlay_background&quot;:&quot;yes&quot;,&quot;content_hover_animation&quot;:&quot;fade-in&quot;}\" data-widget_type=\"gallery.default\">\n\t\t\t\t<div class=\"elementor-widget-container\">\n\t\t\t\t\t\t\t<div class=\"elementor-gallery__container\">\n\t\t\t\t\t\t\t<a class=\"e-gallery-item elementor-gallery-item elementor-animated-content\" href=\"https:\/\/eixos.visiondigital.ar\/wp-content\/uploads\/2024\/02\/classe-robotica-academia.webp\" data-elementor-open-lightbox=\"yes\" data-elementor-lightbox-slideshow=\"441acbf\" data-elementor-lightbox-title=\"classe robotica academia\" data-e-action-hash=\"#elementor-action%3Aaction%3Dlightbox%26settings%3DeyJpZCI6NDkwMiwidXJsIjoiaHR0cHM6XC9cL2VpeG9zLnZpc2lvbmRpZ2l0YWwuYXJcL3dwLWNvbnRlbnRcL3VwbG9hZHNcLzIwMjRcLzAyXC9jbGFzc2Utcm9ib3RpY2EtYWNhZGVtaWEud2VicCIsInNsaWRlc2hvdyI6IjQ0MWFjYmYifQ%3D%3D\">\n\t\t\t\t\t<div class=\"e-gallery-image elementor-gallery-item__image\" data-thumbnail=\"https:\/\/eixos.visiondigital.ar\/wp-content\/uploads\/2024\/02\/classe-robotica-academia.webp\" data-width=\"1600\" data-height=\"1558\" aria-label=\"classe robotica academia\" role=\"img\" ><\/div>\n\t\t\t\t\t\t\t\t\t\t\t<div class=\"elementor-gallery-item__overlay\"><\/div>\n\t\t\t\t\t\t\t\t\t\t\t\t\t\t<\/a>\n\t\t\t\t\t\t\t<a class=\"e-gallery-item elementor-gallery-item elementor-animated-content\" href=\"https:\/\/eixos.visiondigital.ar\/wp-content\/uploads\/2024\/02\/El-nostre-centre1.webp\" data-elementor-open-lightbox=\"yes\" data-elementor-lightbox-slideshow=\"441acbf\" data-elementor-lightbox-title=\"El nostre centre1\" data-e-action-hash=\"#elementor-action%3Aaction%3Dlightbox%26settings%3DeyJpZCI6NDkwNCwidXJsIjoiaHR0cHM6XC9cL2VpeG9zLnZpc2lvbmRpZ2l0YWwuYXJcL3dwLWNvbnRlbnRcL3VwbG9hZHNcLzIwMjRcLzAyXC9FbC1ub3N0cmUtY2VudHJlMS53ZWJwIiwic2xpZGVzaG93IjoiNDQxYWNiZiJ9\">\n\t\t\t\t\t<div class=\"e-gallery-image elementor-gallery-item__image\" data-thumbnail=\"https:\/\/eixos.visiondigital.ar\/wp-content\/uploads\/2024\/02\/El-nostre-centre1.webp\" data-width=\"1600\" data-height=\"1200\" aria-label=\"El nostre centre\" role=\"img\" ><\/div>\n\t\t\t\t\t\t\t\t\t\t\t<div class=\"elementor-gallery-item__overlay\"><\/div>\n\t\t\t\t\t\t\t\t\t\t\t\t\t\t<\/a>\n\t\t\t\t\t\t\t<a class=\"e-gallery-item elementor-gallery-item elementor-animated-content\" href=\"https:\/\/eixos.visiondigital.ar\/wp-content\/uploads\/2024\/02\/extraescolar-artistica-academia.webp\" data-elementor-open-lightbox=\"yes\" data-elementor-lightbox-slideshow=\"441acbf\" data-elementor-lightbox-title=\"extraescolar artistica academia\" data-e-action-hash=\"#elementor-action%3Aaction%3Dlightbox%26settings%3DeyJpZCI6NDkwNiwidXJsIjoiaHR0cHM6XC9cL2VpeG9zLnZpc2lvbmRpZ2l0YWwuYXJcL3dwLWNvbnRlbnRcL3VwbG9hZHNcLzIwMjRcLzAyXC9leHRyYWVzY29sYXItYXJ0aXN0aWNhLWFjYWRlbWlhLndlYnAiLCJzbGlkZXNob3ciOiI0NDFhY2JmIn0%3D\">\n\t\t\t\t\t<div class=\"e-gallery-image elementor-gallery-item__image\" data-thumbnail=\"https:\/\/eixos.visiondigital.ar\/wp-content\/uploads\/2024\/02\/extraescolar-artistica-academia.webp\" data-width=\"1600\" data-height=\"1200\" aria-label=\"extraescolar artistica academia\" role=\"img\" ><\/div>\n\t\t\t\t\t\t\t\t\t\t\t<div class=\"elementor-gallery-item__overlay\"><\/div>\n\t\t\t\t\t\t\t\t\t\t\t\t\t\t<\/a>\n\t\t\t\t\t\t\t<a class=\"e-gallery-item elementor-gallery-item elementor-animated-content\" href=\"https:\/\/eixos.visiondigital.ar\/wp-content\/uploads\/2024\/02\/extraescolar-comic-academia-eixos-creativa.webp\" data-elementor-open-lightbox=\"yes\" data-elementor-lightbox-slideshow=\"441acbf\" data-elementor-lightbox-title=\"extraescolar comic academia eixos creativa\" data-e-action-hash=\"#elementor-action%3Aaction%3Dlightbox%26settings%3DeyJpZCI6NDkwOCwidXJsIjoiaHR0cHM6XC9cL2VpeG9zLnZpc2lvbmRpZ2l0YWwuYXJcL3dwLWNvbnRlbnRcL3VwbG9hZHNcLzIwMjRcLzAyXC9leHRyYWVzY29sYXItY29taWMtYWNhZGVtaWEtZWl4b3MtY3JlYXRpdmEud2VicCIsInNsaWRlc2hvdyI6IjQ0MWFjYmYifQ%3D%3D\">\n\t\t\t\t\t<div class=\"e-gallery-image elementor-gallery-item__image\" data-thumbnail=\"https:\/\/eixos.visiondigital.ar\/wp-content\/uploads\/2024\/02\/extraescolar-comic-academia-eixos-creativa.webp\" data-width=\"1600\" data-height=\"855\" aria-label=\"extraescolar comic academia eixos creativa\" role=\"img\" ><\/div>\n\t\t\t\t\t\t\t\t\t\t\t<div class=\"elementor-gallery-item__overlay\"><\/div>\n\t\t\t\t\t\t\t\t\t\t\t\t\t\t<\/a>\n\t\t\t\t\t\t\t<a class=\"e-gallery-item elementor-gallery-item elementor-animated-content\" href=\"https:\/\/eixos.visiondigital.ar\/wp-content\/uploads\/2024\/02\/Extraescolar-MakeyMakey-academia.webp\" data-elementor-open-lightbox=\"yes\" data-elementor-lightbox-slideshow=\"441acbf\" data-elementor-lightbox-title=\"Extraescolar MakeyMakey academia\" data-e-action-hash=\"#elementor-action%3Aaction%3Dlightbox%26settings%3DeyJpZCI6NDkxMCwidXJsIjoiaHR0cHM6XC9cL2VpeG9zLnZpc2lvbmRpZ2l0YWwuYXJcL3dwLWNvbnRlbnRcL3VwbG9hZHNcLzIwMjRcLzAyXC9FeHRyYWVzY29sYXItTWFrZXlNYWtleS1hY2FkZW1pYS53ZWJwIiwic2xpZGVzaG93IjoiNDQxYWNiZiJ9\">\n\t\t\t\t\t<div class=\"e-gallery-image elementor-gallery-item__image\" data-thumbnail=\"https:\/\/eixos.visiondigital.ar\/wp-content\/uploads\/2024\/02\/Extraescolar-MakeyMakey-academia.webp\" data-width=\"1600\" data-height=\"1930\" aria-label=\"Extraescolar MakeyMakey academia\" role=\"img\" ><\/div>\n\t\t\t\t\t\t\t\t\t\t\t<div class=\"elementor-gallery-item__overlay\"><\/div>\n\t\t\t\t\t\t\t\t\t\t\t\t\t\t<\/a>\n\t\t\t\t\t\t\t<a class=\"e-gallery-item elementor-gallery-item elementor-animated-content\" href=\"https:\/\/eixos.visiondigital.ar\/wp-content\/uploads\/2024\/02\/extraescolar-modelatge-academia.webp\" data-elementor-open-lightbox=\"yes\" data-elementor-lightbox-slideshow=\"441acbf\" data-elementor-lightbox-title=\"extraescolar modelatge academia\" data-e-action-hash=\"#elementor-action%3Aaction%3Dlightbox%26settings%3DeyJpZCI6NDkxMiwidXJsIjoiaHR0cHM6XC9cL2VpeG9zLnZpc2lvbmRpZ2l0YWwuYXJcL3dwLWNvbnRlbnRcL3VwbG9hZHNcLzIwMjRcLzAyXC9leHRyYWVzY29sYXItbW9kZWxhdGdlLWFjYWRlbWlhLndlYnAiLCJzbGlkZXNob3ciOiI0NDFhY2JmIn0%3D\">\n\t\t\t\t\t<div class=\"e-gallery-image elementor-gallery-item__image\" data-thumbnail=\"https:\/\/eixos.visiondigital.ar\/wp-content\/uploads\/2024\/02\/extraescolar-modelatge-academia.webp\" data-width=\"1600\" data-height=\"1133\" aria-label=\"extraescolar modelatge academia\" role=\"img\" ><\/div>\n\t\t\t\t\t\t\t\t\t\t\t<div class=\"elementor-gallery-item__overlay\"><\/div>\n\t\t\t\t\t\t\t\t\t\t\t\t\t\t<\/a>\n\t\t\t\t\t\t\t<a class=\"e-gallery-item elementor-gallery-item elementor-animated-content\" href=\"https:\/\/eixos.visiondigital.ar\/wp-content\/uploads\/2024\/02\/Maquines-simples-academia.webp\" data-elementor-open-lightbox=\"yes\" data-elementor-lightbox-slideshow=\"441acbf\" data-elementor-lightbox-title=\"Maquines simples academia\" data-e-action-hash=\"#elementor-action%3Aaction%3Dlightbox%26settings%3DeyJpZCI6NDkxNCwidXJsIjoiaHR0cHM6XC9cL2VpeG9zLnZpc2lvbmRpZ2l0YWwuYXJcL3dwLWNvbnRlbnRcL3VwbG9hZHNcLzIwMjRcLzAyXC9NYXF1aW5lcy1zaW1wbGVzLWFjYWRlbWlhLndlYnAiLCJzbGlkZXNob3ciOiI0NDFhY2JmIn0%3D\">\n\t\t\t\t\t<div class=\"e-gallery-image elementor-gallery-item__image\" data-thumbnail=\"https:\/\/eixos.visiondigital.ar\/wp-content\/uploads\/2024\/02\/Maquines-simples-academia.webp\" data-width=\"1600\" data-height=\"2133\" aria-label=\"Maquines simples academia\" role=\"img\" ><\/div>\n\t\t\t\t\t\t\t\t\t\t\t<div class=\"elementor-gallery-item__overlay\"><\/div>\n\t\t\t\t\t\t\t\t\t\t\t\t\t\t<\/a>\n\t\t\t\t\t\t\t<a class=\"e-gallery-item elementor-gallery-item elementor-animated-content\" href=\"https:\/\/eixos.visiondigital.ar\/wp-content\/uploads\/2024\/02\/Nuestra-academia.webp\" data-elementor-open-lightbox=\"yes\" data-elementor-lightbox-slideshow=\"441acbf\" data-elementor-lightbox-title=\"Nuestra academia\" data-e-action-hash=\"#elementor-action%3Aaction%3Dlightbox%26settings%3DeyJpZCI6NDkxNiwidXJsIjoiaHR0cHM6XC9cL2VpeG9zLnZpc2lvbmRpZ2l0YWwuYXJcL3dwLWNvbnRlbnRcL3VwbG9hZHNcLzIwMjRcLzAyXC9OdWVzdHJhLWFjYWRlbWlhLndlYnAiLCJzbGlkZXNob3ciOiI0NDFhY2JmIn0%3D\">\n\t\t\t\t\t<div class=\"e-gallery-image elementor-gallery-item__image\" data-thumbnail=\"https:\/\/eixos.visiondigital.ar\/wp-content\/uploads\/2024\/02\/Nuestra-academia.webp\" data-width=\"1600\" data-height=\"720\" aria-label=\"Nuestra academia\" role=\"img\" ><\/div>\n\t\t\t\t\t\t\t\t\t\t\t<div class=\"elementor-gallery-item__overlay\"><\/div>\n\t\t\t\t\t\t\t\t\t\t\t\t\t\t<\/a>\n\t\t\t\t\t\t\t<a class=\"e-gallery-item elementor-gallery-item elementor-animated-content\" href=\"https:\/\/eixos.visiondigital.ar\/wp-content\/uploads\/2024\/02\/nuestra-academia1.webp\" data-elementor-open-lightbox=\"yes\" data-elementor-lightbox-slideshow=\"441acbf\" data-elementor-lightbox-title=\"nuestra academia1\" data-e-action-hash=\"#elementor-action%3Aaction%3Dlightbox%26settings%3DeyJpZCI6NDkxOCwidXJsIjoiaHR0cHM6XC9cL2VpeG9zLnZpc2lvbmRpZ2l0YWwuYXJcL3dwLWNvbnRlbnRcL3VwbG9hZHNcLzIwMjRcLzAyXC9udWVzdHJhLWFjYWRlbWlhMS53ZWJwIiwic2xpZGVzaG93IjoiNDQxYWNiZiJ9\">\n\t\t\t\t\t<div class=\"e-gallery-image elementor-gallery-item__image\" data-thumbnail=\"https:\/\/eixos.visiondigital.ar\/wp-content\/uploads\/2024\/02\/nuestra-academia1.webp\" data-width=\"1600\" data-height=\"720\" aria-label=\"nuestra academia\" role=\"img\" ><\/div>\n\t\t\t\t\t\t\t\t\t\t\t<div class=\"elementor-gallery-item__overlay\"><\/div>\n\t\t\t\t\t\t\t\t\t\t\t\t\t\t<\/a>\n\t\t\t\t\t<\/div>\n\t\t\t\t\t<\/div>\n\t\t\t\t<\/div>\n\t\t\t\t<\/div>\n\t\t\t\t\t<\/div>\n\t\t\t\t<\/div>\n\t\t\t\t<\/div>\n\t\t","protected":false},"excerpt":{"rendered":"<p>Nuestro centro Nuestro centro est\u00e1 ubicado en el barrio de La Vila Ol\u00edmpica de Barcelona, en el distrito de Sant Mart\u00ed. Es un espacio di\u00e1fano y muy luminoso donde impartimos diferentes tipos de actividades: Extraescolares, talleres puntuales, campus de verano y fiestas de cumplea\u00f1os. \u00c9stas son las actividades para el curso 2025-2026: Lunes Martes Mi\u00e9rcoles [&hellip;]<\/p>\n","protected":false},"author":9,"featured_media":0,"parent":0,"menu_order":0,"comment_status":"closed","ping_status":"closed","template":"","meta":{"_acf_changed":false,"footnotes":""},"class_list":["post-4109","page","type-page","status-publish","hentry"],"acf":[],"_links":{"self":[{"href":"https:\/\/eixos.visiondigital.ar\/es\/wp-json\/wp\/v2\/pages\/4109","targetHints":{"allow":["GET"]}}],"collection":[{"href":"https:\/\/eixos.visiondigital.ar\/es\/wp-json\/wp\/v2\/pages"}],"about":[{"href":"https:\/\/eixos.visiondigital.ar\/es\/wp-json\/wp\/v2\/types\/page"}],"author":[{"embeddable":true,"href":"https:\/\/eixos.visiondigital.ar\/es\/wp-json\/wp\/v2\/users\/9"}],"replies":[{"embeddable":true,"href":"https:\/\/eixos.visiondigital.ar\/es\/wp-json\/wp\/v2\/comments?post=4109"}],"version-history":[{"count":47,"href":"https:\/\/eixos.visiondigital.ar\/es\/wp-json\/wp\/v2\/pages\/4109\/revisions"}],"predecessor-version":[{"id":9074,"href":"https:\/\/eixos.visiondigital.ar\/es\/wp-json\/wp\/v2\/pages\/4109\/revisions\/9074"}],"wp:attachment":[{"href":"https:\/\/eixos.visiondigital.ar\/es\/wp-json\/wp\/v2\/media?parent=4109"}],"curies":[{"name":"wp","href":"https:\/\/api.w.org\/{rel}","templated":true}]}}