{"id":4113,"date":"2024-01-17T15:36:29","date_gmt":"2024-01-17T14:36:29","guid":{"rendered":"https:\/\/eixos.visiondigital.ar\/politica-de-cookies"},"modified":"2024-04-23T03:57:22","modified_gmt":"2024-04-23T01:57:22","slug":"politica-cookies","status":"publish","type":"page","link":"https:\/\/eixos.visiondigital.ar\/es\/politica-cookies\/","title":{"rendered":"Pol\u00edtica de Cookies"},"content":{"rendered":"\t\t<div data-elementor-type=\"wp-page\" data-elementor-id=\"4113\" class=\"elementor elementor-4113 elementor-399\" data-elementor-settings=\"{&quot;element_pack_global_tooltip_width&quot;:{&quot;unit&quot;:&quot;px&quot;,&quot;size&quot;:&quot;&quot;,&quot;sizes&quot;:[]},&quot;element_pack_global_tooltip_width_tablet&quot;:{&quot;unit&quot;:&quot;px&quot;,&quot;size&quot;:&quot;&quot;,&quot;sizes&quot;:[]},&quot;element_pack_global_tooltip_width_mobile&quot;:{&quot;unit&quot;:&quot;px&quot;,&quot;size&quot;:&quot;&quot;,&quot;sizes&quot;:[]},&quot;element_pack_global_tooltip_padding&quot;:{&quot;unit&quot;:&quot;px&quot;,&quot;top&quot;:&quot;&quot;,&quot;right&quot;:&quot;&quot;,&quot;bottom&quot;:&quot;&quot;,&quot;left&quot;:&quot;&quot;,&quot;isLinked&quot;:true},&quot;element_pack_global_tooltip_padding_tablet&quot;:{&quot;unit&quot;:&quot;px&quot;,&quot;top&quot;:&quot;&quot;,&quot;right&quot;:&quot;&quot;,&quot;bottom&quot;:&quot;&quot;,&quot;left&quot;:&quot;&quot;,&quot;isLinked&quot;:true},&quot;element_pack_global_tooltip_padding_mobile&quot;:{&quot;unit&quot;:&quot;px&quot;,&quot;top&quot;:&quot;&quot;,&quot;right&quot;:&quot;&quot;,&quot;bottom&quot;:&quot;&quot;,&quot;left&quot;:&quot;&quot;,&quot;isLinked&quot;:true},&quot;element_pack_global_tooltip_border_radius&quot;:{&quot;unit&quot;:&quot;px&quot;,&quot;top&quot;:&quot;&quot;,&quot;right&quot;:&quot;&quot;,&quot;bottom&quot;:&quot;&quot;,&quot;left&quot;:&quot;&quot;,&quot;isLinked&quot;:true},&quot;element_pack_global_tooltip_border_radius_tablet&quot;:{&quot;unit&quot;:&quot;px&quot;,&quot;top&quot;:&quot;&quot;,&quot;right&quot;:&quot;&quot;,&quot;bottom&quot;:&quot;&quot;,&quot;left&quot;:&quot;&quot;,&quot;isLinked&quot;:true},&quot;element_pack_global_tooltip_border_radius_mobile&quot;:{&quot;unit&quot;:&quot;px&quot;,&quot;top&quot;:&quot;&quot;,&quot;right&quot;:&quot;&quot;,&quot;bottom&quot;:&quot;&quot;,&quot;left&quot;:&quot;&quot;,&quot;isLinked&quot;:true}}\" data-elementor-post-type=\"page\">\n\t\t\t\t<div class=\"elementor-element elementor-element-5b5c5489 e-flex e-con-boxed e-con e-parent\" data-id=\"5b5c5489\" data-element_type=\"container\" data-e-type=\"container\">\n\t\t\t\t\t<div class=\"e-con-inner\">\n\t\t\t\t<div data-dce-text-color=\"#000000\" class=\"elementor-element elementor-element-5c38344f elementor-widget elementor-widget-text-editor\" data-id=\"5c38344f\" data-element_type=\"widget\" data-e-type=\"widget\" data-widget_type=\"text-editor.default\">\n\t\t\t\t<div class=\"elementor-widget-container\">\n\t\t\t\t\t\t\t\t\t\n<p><strong>\u00bfQu\u00e9 son las cookies o <em>cookies<\/em>?<\/strong><br \/>Una galleta o <em>cookie<\/em> es un fichero que se descarga en tu ordenador al acceder a tu p\u00e1gina web. Las cookies permiten a una p\u00e1gina web, entre otras cosas, almacenar y recuperar informaci\u00f3n sobre los h\u00e1bitos de navegaci\u00f3n de un usuario o de su equipo y, dependiendo de la informaci\u00f3n que contengan y de la forma en que utilice su equipo, pueden utilizarse para reconocer al usuario.<\/p>\n<p><strong>Tipos de cookies<\/strong><br \/>&#8211; Seg\u00fan quien sea la entidad que gestione el dominio desde donde se env\u00edan las cookies y trate los datos que se obtengan, se pueden distinguir dos tipos: cookies propias y cookies de terceros.<br \/>&#8211; Existe tambi\u00e9n una segunda clasificaci\u00f3n seg\u00fan el plazo de tiempo que permanecen almacenadas en el navegador del cliente, pudiendo tratarse de cookies de sesi\u00f3n o cookies persistentes.<br \/>&#8211; Existe otra clasificaci\u00f3n con cinco tipos de cookies seg\u00fan la finalidad por la que se traten los datos obtenidos: cookies t\u00e9cnicas, cookies de personalizaci\u00f3n, cookies de an\u00e1lisis, cookies publicitarias y cookies de publicidad comportamental.<\/p>\n<p><strong>\u00bfQu\u00e9 tipo de cookies utiliza esta p\u00e1gina web?<\/strong><br \/>Ejes Creativa utiliza en esta web varios tipos de cookies con la \u00fanica finalidad de mejorar la navegaci\u00f3n del usuario en este sitio web, sin ning\u00fan tipo de objetivo publicitario o similar. Todas las cookies, excepto la utilizada por Google Analytics, son temporales y desaparecen al cerrar la sesi\u00f3n. A continuaci\u00f3n se identifican las cookies que est\u00e1n siendo utilizadas en este portal as\u00ed como su tipolog\u00eda y funci\u00f3n:<\/p>\n<p>&#8211; Cookies de an\u00e1lisis: Son aquellas que, bien tratadas por nosotros o por terceros, nos permiten cuantificar el n\u00famero de usuarios y as\u00ed realizar la medici\u00f3n y an\u00e1lisis estad\u00edstico de la utilizaci\u00f3n que hacen los usuarios del servicio ofrecido. Para ello se analiza la tuya en nuestra p\u00e1gina web, con la finalidad de mejorar la oferta de productos o servicios que te ofrecemos. Ejes Creativa utiliza Google Analytics, un servicio de anal\u00edtica web desarrollada por Google, que permite la medici\u00f3n y an\u00e1lisis de la navegaci\u00f3n en las p\u00e1ginas web. En tu navegador podr\u00e1s observar 4 cookies de este servicio. Seg\u00fan la tipolog\u00eda anterior se trata de cookies propias, de sesi\u00f3n y de an\u00e1lisis. Puedes encontrar m\u00e1s informaci\u00f3n sobre este tema e inhabilitar el uso de estas cookies <a href=\"http:\/\/www.navegaencatala.cat\/%20http:\/www.google.es\/intl\/es\/analytics\/privacyoverview.html.\" rel=\"nofollow noopener\" target=\"_blank\">http:\/\/www.google.es\/intl\/es\/analytics\/privacyoverview.html.<\/a> A trav\u00e9s de la anal\u00edtica web no se obtiene informaci\u00f3n sobre tus datos personales. La informaci\u00f3n que se obtiene es la relativa al n\u00famero de usuarios que acceden a la web, el n\u00famero de p\u00e1ginas vistas, la frecuencia y repetici\u00f3n de las visitas, su duraci\u00f3n, el navegador utilizado, el operador que presta el servicio, el idioma, el terminal que utiliza, o la ciudad a la que est\u00e1 asignada su direcci\u00f3n IP. Informaci\u00f3n que posibilita un mejor y m\u00e1s apropiado servicio por parte de este portal. Si se desactivan estas cookies la web podr\u00e1 seguir funcionando.<\/p>\n<p>&#8211; Cookies de tipo t\u00e9cnico: Son necesarias para la correcta navegaci\u00f3n por las p\u00e1ginas web. Gestiona el consentimiento del usuario ante el uso de las cookies en la p\u00e1gina web, con el objeto de evitar la excesiva molestia que pueda suponer mostrar repetidamente informaci\u00f3n sobre la pol\u00edtica de cookies en la parte inferiror de la web a aquellas personas que hayan aceptado la misma. Si se desactivan estas cookies, no se recibir\u00e1n correctamente los contenidos del sitio web.<\/p>\n<p>&#8211; Cookies de redes sociales: Son utilizadas para que puedas interactuar con diferentes plataformas sociales (Facebook, YouTube, Twitter, Flickr, etc.) y se generan \u00fanicamente para los usuarios de estas redes sociales. Las condiciones de uso de estas cookies y la informaci\u00f3n almacenada se regula por la pol\u00edtica de privacidad de la plataforma en cuesti\u00f3n.<\/p>\n<p>&nbsp;<\/p>\n<div class= \"cky-audit-table-element\"><\/div>\n<p>&nbsp;<\/p>\n<p><strong>Aceptaci\u00f3n de la Pol\u00edtica de cookies<\/strong><br \/>Ejes Creativa muestra informaci\u00f3n sobre su Pol\u00edtica de cookies en la parte inferior de cualquier p\u00e1gina con cada inicio de sesi\u00f3n. <br \/>Ante esta informaci\u00f3n es posible llevar a cabo las siguientes acciones:<\/p>\n<ul>\n<li>Aceptar cookies: Si aceptas clicando en el bot\u00f3n habilitado con esta finalidad no volver\u00e1s a visualizar este aviso en esta web.<\/li>\n<li>Seguir navegando: Puedes ignorar esta informaci\u00f3n y con la navegaci\u00f3n normal por la web. En este caso, el aviso se volver\u00e1 a mostrar la pr\u00f3xima vez que entres en la web hasta que cliques en el bot\u00f3n de aceptar.<\/li>\n<li>Modificar la configuraci\u00f3n. Podr\u00e1s obtener m\u00e1s informaci\u00f3n sobre qu\u00e9 son las cookies, conocer la Pol\u00edtica de cookies del Ministerio y modificar la configuraci\u00f3n de tu navegaci\u00f3n. Pero eso no evitar\u00e1 que se muestre el aviso sobre cookies en la pr\u00f3xima sesi\u00f3n de la web.<\/li>\n<\/ul>\n<p><strong>C\u00f3mo modificar la configuraci\u00f3n de las cookies<\/strong><br \/>Puedes restringir, bloquear o borrar las cookies utilizando tu navegador. En cada navegador la operativa es diferente. Aqu\u00ed tienes los enlaces para hacerlo con algunos de los navegadores m\u00e1s populares:<\/p>\n<ul>\n<li><a href=\"https:\/\/support.google.com\/chrome\/answer\/95647?hl=ca\" rel=\"nofollow noopener\" target=\"_blank\">Chrome<\/a><\/li>\n<li><a href=\"http:\/\/support.mozilla.org\/ca\/kb\/Galetes\" rel=\"nofollow noopener\" target=\"_blank\">Firefox<\/a><\/li>\n<li><a href=\"https:\/\/support.microsoft.com\/es-es\/help\/17442\/windows-internet-explorer-delete-manage-cookies%20target=\" rel=\"nofollow noopener\" target=\"_blank\">Internet Explorer<\/a> (en castellano)<\/li>\n<li><a href=\"https:\/\/support.apple.com\/es-lamr\/guide\/safari\/sfri11471\/mac\" rel=\"nofollow noopener\" target=\"_blank\">Safari<\/a> (en castellano)<\/li>\n<\/ul>\n<ul><\/ul>\n\t\t\t\t\t\t\t\t<\/div>\n\t\t\t\t<\/div>\n\t\t\t\t\t<\/div>\n\t\t\t\t<\/div>\n\t\t\t\t<\/div>\n\t\t","protected":false},"excerpt":{"rendered":"<p>\u00bfQu\u00e9 son las cookies o cookies?Una galleta o cookie es un fichero que se descarga en tu ordenador al acceder a tu p\u00e1gina web. Las cookies permiten a una p\u00e1gina web, entre otras cosas, almacenar y recuperar informaci\u00f3n sobre los h\u00e1bitos de navegaci\u00f3n de un usuario o de su equipo y, dependiendo de la informaci\u00f3n [&hellip;]<\/p>\n","protected":false},"author":9,"featured_media":0,"parent":0,"menu_order":0,"comment_status":"closed","ping_status":"closed","template":"","meta":{"_acf_changed":false,"footnotes":""},"class_list":["post-4113","page","type-page","status-publish","hentry"],"acf":[],"_links":{"self":[{"href":"https:\/\/eixos.visiondigital.ar\/es\/wp-json\/wp\/v2\/pages\/4113","targetHints":{"allow":["GET"]}}],"collection":[{"href":"https:\/\/eixos.visiondigital.ar\/es\/wp-json\/wp\/v2\/pages"}],"about":[{"href":"https:\/\/eixos.visiondigital.ar\/es\/wp-json\/wp\/v2\/types\/page"}],"author":[{"embeddable":true,"href":"https:\/\/eixos.visiondigital.ar\/es\/wp-json\/wp\/v2\/users\/9"}],"replies":[{"embeddable":true,"href":"https:\/\/eixos.visiondigital.ar\/es\/wp-json\/wp\/v2\/comments?post=4113"}],"version-history":[{"count":11,"href":"https:\/\/eixos.visiondigital.ar\/es\/wp-json\/wp\/v2\/pages\/4113\/revisions"}],"predecessor-version":[{"id":6892,"href":"https:\/\/eixos.visiondigital.ar\/es\/wp-json\/wp\/v2\/pages\/4113\/revisions\/6892"}],"wp:attachment":[{"href":"https:\/\/eixos.visiondigital.ar\/es\/wp-json\/wp\/v2\/media?parent=4113"}],"curies":[{"name":"wp","href":"https:\/\/api.w.org\/{rel}","templated":true}]}}