{"id":4116,"date":"2024-01-17T15:35:56","date_gmt":"2024-01-17T14:35:56","guid":{"rendered":"https:\/\/eixos.visiondigital.ar\/aviso-legal"},"modified":"2024-04-23T03:56:14","modified_gmt":"2024-04-23T01:56:14","slug":"aviso-legal","status":"publish","type":"page","link":"https:\/\/eixos.visiondigital.ar\/es\/aviso-legal\/","title":{"rendered":"Aviso legal"},"content":{"rendered":"\t\t<div data-elementor-type=\"wp-page\" data-elementor-id=\"4116\" class=\"elementor elementor-4116 elementor-397\" data-elementor-settings=\"{&quot;element_pack_global_tooltip_width&quot;:{&quot;unit&quot;:&quot;px&quot;,&quot;size&quot;:&quot;&quot;,&quot;sizes&quot;:[]},&quot;element_pack_global_tooltip_width_tablet&quot;:{&quot;unit&quot;:&quot;px&quot;,&quot;size&quot;:&quot;&quot;,&quot;sizes&quot;:[]},&quot;element_pack_global_tooltip_width_mobile&quot;:{&quot;unit&quot;:&quot;px&quot;,&quot;size&quot;:&quot;&quot;,&quot;sizes&quot;:[]},&quot;element_pack_global_tooltip_padding&quot;:{&quot;unit&quot;:&quot;px&quot;,&quot;top&quot;:&quot;&quot;,&quot;right&quot;:&quot;&quot;,&quot;bottom&quot;:&quot;&quot;,&quot;left&quot;:&quot;&quot;,&quot;isLinked&quot;:true},&quot;element_pack_global_tooltip_padding_tablet&quot;:{&quot;unit&quot;:&quot;px&quot;,&quot;top&quot;:&quot;&quot;,&quot;right&quot;:&quot;&quot;,&quot;bottom&quot;:&quot;&quot;,&quot;left&quot;:&quot;&quot;,&quot;isLinked&quot;:true},&quot;element_pack_global_tooltip_padding_mobile&quot;:{&quot;unit&quot;:&quot;px&quot;,&quot;top&quot;:&quot;&quot;,&quot;right&quot;:&quot;&quot;,&quot;bottom&quot;:&quot;&quot;,&quot;left&quot;:&quot;&quot;,&quot;isLinked&quot;:true},&quot;element_pack_global_tooltip_border_radius&quot;:{&quot;unit&quot;:&quot;px&quot;,&quot;top&quot;:&quot;&quot;,&quot;right&quot;:&quot;&quot;,&quot;bottom&quot;:&quot;&quot;,&quot;left&quot;:&quot;&quot;,&quot;isLinked&quot;:true},&quot;element_pack_global_tooltip_border_radius_tablet&quot;:{&quot;unit&quot;:&quot;px&quot;,&quot;top&quot;:&quot;&quot;,&quot;right&quot;:&quot;&quot;,&quot;bottom&quot;:&quot;&quot;,&quot;left&quot;:&quot;&quot;,&quot;isLinked&quot;:true},&quot;element_pack_global_tooltip_border_radius_mobile&quot;:{&quot;unit&quot;:&quot;px&quot;,&quot;top&quot;:&quot;&quot;,&quot;right&quot;:&quot;&quot;,&quot;bottom&quot;:&quot;&quot;,&quot;left&quot;:&quot;&quot;,&quot;isLinked&quot;:true}}\" data-elementor-post-type=\"page\">\n\t\t\t\t<div class=\"elementor-element elementor-element-5e556e47 e-flex e-con-boxed e-con e-parent\" data-id=\"5e556e47\" data-element_type=\"container\" data-e-type=\"container\">\n\t\t\t\t\t<div class=\"e-con-inner\">\n\t\t\t\t<div data-dce-text-color=\"#000000\" class=\"elementor-element elementor-element-5bc10151 elementor-widget elementor-widget-text-editor\" data-id=\"5bc10151\" data-element_type=\"widget\" data-e-type=\"widget\" data-widget_type=\"text-editor.default\">\n\t\t\t\t<div class=\"elementor-widget-container\">\n\t\t\t\t\t\t\t\t\t\n<p><strong>1. IDENTIDAD DEL TITULAR DE LA WEB<\/strong><\/p>\n\n<p>Para dar cumplimiento a lo establecido en la ley 34\/2002, de 11 de julio, de servicios de la sociedad de la informaci\u00f3n y de comercio electr\u00f3nico, a continuaci\u00f3n se indican los datos de informaci\u00f3n general de este sitio web:<\/p>\n\n<p>Titular: Ejes S.L.U<\/p>\n\n<p>Direcci\u00f3n: C\/ de Ramon Vilomara 73, 08005 Barcelona.<\/p>\n\n<p>Tel\u00e9fono: 93 41 06 939.<\/p>\n\n<p>Email: <a href=\"mailto:hola@eixoscreativa.com\">hola@eixoscreativa.com<\/a>.<\/p>\n\n<p><strong>2. ACEPTACI\u00d3N DE LAS CONDICIONES DE USO<\/strong><\/p>\n\n<p>Las presentes condiciones (en adelante denominadas &#8216;aviso legal&#8217;) tienen como objeto regular el uso de este sitio web que su titular pone a disposici\u00f3n del p\u00fablico en la presente URL.<\/p>\n\n<p>La utilizaci\u00f3n del sitio web por parte de un tercero le atribuye la condici\u00f3n de usuario, y supone la aceptaci\u00f3n plena por el citado usuario de todas y cada una de las condiciones que se incorporan en el presente aviso legal.<\/p>\n\n<p>El titular de la web puede ofrecer a trav\u00e9s de la web servicios o productos que se podr\u00e1n encontrar sometidos a unas condiciones particulares propias que, seg\u00fan los casos, sustituyen, completan y\/o modifican las presentes condiciones, y sobre las que se informar\u00e1 al usuario en cada caso concreto.<\/p>\n\n<p><strong>3. USO CORRECTO DEL SITIO WEB<\/strong><\/p>\n\n<p>El usuario se compromete a utilizar la web, los contenidos y los servicios de conformidad con la ley, el presente aviso legal, las buenas costumbres y el orden p\u00fablico. Del mismo modo, el usuario se obliga a no utilizar la web o los servicios que se presten a trav\u00e9s de la misma con fines o efectos il\u00edcitos o contrarios al contenido del presente aviso legal, lesivos de los intereses o derechos de terceros, o que de alguna manera puedan da\u00f1ar, inutilizar o deteriorar la web o sus servicios,  o impedir una normal utilizaci\u00f3n de la web por parte de otros usuarios.<\/p>\n\n<p>Asimismo, el usuario se compromete expresamente a no destruir, alterar, inutilizar o, de cualquier otro modo, da\u00f1ar los datos, los programas o los documentos electr\u00f3nicos y otros que se encuentren en el presente sitio web.<\/p>\n\n<p>El usuario se compromete a no obstaculizar el acceso de otros usuarios al servicio de acceso mediante el consumo masivo de los recursos inform\u00e1ticos a trav\u00e9s de los cuales el titular de la web presta el servicio, as\u00ed como a no realizar acciones que da\u00f1en, interrumpan o generen errores en estos sistemas.<\/p>\n\n<p>El usuario se compromete a no introducir programas, virus, macros, applets, controles Activex o cualquier otro dispositivo l\u00f3gico o secuencia de caracteres que causen o sean susceptibles de causar cualquier tipo de alteraci\u00f3n en los sistemas inform\u00e1ticos del titular de la web o de terceros.<\/p>\n\n<p><strong>4. PROPIEDAD INTEL\u00b7 LECTUAL E INDUSTRIAL<\/strong><\/p>\n\n<p>Todos los derechos de propiedad industrial e intelectual de este sitio web y de las diferentes p\u00e1ginas web pertenecientes al sitio, as\u00ed como de los elementos contenidos en el sitio y en sus p\u00e1ginas web (incluidos, con car\u00e1cter enunciativo que no limitativo, el dise\u00f1o gr\u00e1fico, c\u00f3digo fuente, logos, contenidos, im\u00e1genes, textos, gr\u00e1ficos, ilustraciones, fotograf\u00edas, bases de datos y otros elementos que aparecen en la web),  salvo que se indique lo contrario, son titularidad exclusiva del titular de la web o de terceros. En este sentido, el titular de este sitio web hace expresa reserva de todos los derechos.<\/p>\n\n<p>Igualmente, todos los nombres comerciales, dominios, marcas o signos distintivos de cualquier clase contenidos en el sitio web y sus p\u00e1ginas web, est\u00e1n protegidos por la Ley.<\/p>\n\n<p>El titular de la web no concede ning\u00fan tipo de licencia o autorizaci\u00f3n de uso p\u00fablico y\/o comercial al usuario sobre sus derechos de propiedad intelectual e industrial o sobre cualquier otro derecho relacionado con este sitio web, sus p\u00e1ginas web y los servicios que se ofrecen. El usuario \u00fanica y exclusivamente podr\u00e1 acceder a estos elementos y servicios para su uso personal y privado, de manera que queda, por tanto,<strong>  terminantemente prohibida la utilizaci\u00f3n de la totalidad o parte de los contenidos de esta web y de sus p\u00e1ginas web con prop\u00f3sitos p\u00fablicos o comerciales, su distribuci\u00f3n, comunicaci\u00f3n p\u00fablica, incluyendo la modalidad de puesta a disposici\u00f3n, as\u00ed como su modificaci\u00f3n, alteraci\u00f3n o descompilaci\u00f3n salvo que para ello se cuente con el consentimiento expreso y por escrito del titular de la web.<\/strong>.<\/p>\n\n<p>Por ello, el usuario reconoce que la reproducci\u00f3n, distribuci\u00f3n, comercializaci\u00f3n, transformaci\u00f3n y, en general, cualquier otra forma de explotaci\u00f3n, por cualquier procedimiento, del total o de parte de los contenidos de este sitio web constituye una infracci\u00f3n de los derechos de propiedad intelectual y\/o industrial del titular de la web o del titular de los mismos.<\/p>\n\n<p><strong>5. R\u00c9GIMEN DE RESPONSABILIDAD<\/strong><\/p>\n\n<p><strong>5.1. Responsabilidad por el uso de la web<\/strong><\/p>\n\n<p>El usuario es el \u00fanico responsable de las infracciones en que pueda incurrir o de los perjuicios que pueda causar por la utilizaci\u00f3n de la web, de manera que el titular de la web, sus socios, las empresas del grupo, los colaboradores, los empleados y los representantes quedan exonerados de cualquier clase de responsabilidad que se pudiera derivar por las acciones del usuario.<\/p>\n\n<p>El titular de la web utilizar\u00e1 todos los esfuerzos y medios razonables para facilitar informaci\u00f3n actualizada y fehaciente en la web, pero, sin embargo, el titular de la web no asume ninguna garant\u00eda en relaci\u00f3n con la ausencia de errores, o de posibles inexactitudes y\/u omisiones en ninguno de los contenidos accesibles a trav\u00e9s de esta web.<\/p>\n\n<p>El usuario es el \u00fanico responsable ante cualquier reclamaci\u00f3n o acci\u00f3n legal, judicial o extrajudicial, iniciada por terceras personas contra el titular de la web basada en la utilizaci\u00f3n por parte del usuario de la web. En su caso, el usuario asumir\u00e1 todos los gastos, los costes y las indemnizaciones que sean irrogados al titular de la web con motivo de estas reclamaciones o acciones legales.<\/p>\n\n<p><strong>5.2. Responsabilidad por el funcionamiento de la web<\/strong><\/p>\n\n<p>El titular de la web excluye toda responsabilidad que pudiera derivarse de interferencias, omisiones, interrupciones, virus inform\u00e1ticos, aver\u00edas telef\u00f3nicas o desconexiones en el funcionamiento operativo del sistema electr\u00f3nico motivadas por causas ajenas al titular de la web.<\/p>\n\n<p>Asimismo, el titular de la web tambi\u00e9n excluye cualquier responsabilidad que pudiera derivarse por retrasos o bloqueos en el funcionamiento operativo de este sistema electr\u00f3nico causados por deficiencias o sobrecarga en las l\u00edneas telef\u00f3nicas o en internet, as\u00ed como de da\u00f1os causados por terceras personas mediante intromisiones ilegales fuera del control del titular de la web.<\/p>\n\n<p>El titular de la web est\u00e1 facultado para suspender temporalmente, y sin previo aviso, la accesibilidad a la web con motivo de operaciones de mantenimiento, reparaci\u00f3n, actualizaci\u00f3n o mejora.<\/p>\n\n<p><strong>5.3. Responsabilidad por links<\/strong><\/p>\n\n<p>Los enlaces o <em>links<\/em> contenidos en la web y sus p\u00e1ginas web pueden conducir al usuario a otras webs gestionadas por terceros.<\/p>\n\n<p>El titular de la web declina cualquier responsabilidad respecto a la informaci\u00f3n que se encuentre fuera de la web y sus p\u00e1ginas webs, ya que la funci\u00f3n de los links que aparecen es \u00fanicamente la de informar al usuario sobre la existencia de otras fuentes de informaci\u00f3n sobre un tema en concreto.<\/p>\n\n<p>El titular de la web queda exonerado de toda responsabilidad por el correcto funcionamiento de estos enlaces, del resultado obtenido a trav\u00e9s de dichos enlaces y de la veracidad y licitud del contenido o informaci\u00f3n a la que se puede acceder, as\u00ed como de los perjuicios que pueda sufrir el usuario en virtud de la informaci\u00f3n encontrada en la web enlazada.<\/p>\n\n<p><strong>6. POL\u00cdTICA RESPECTO A LOS DATOS PERSONALES OBTENIDOS A TRAV\u00c9S DE LA WEB<\/strong><\/p>\n\n<p><strong>6.1. A trav\u00e9s de formularios<\/strong><\/p>\n\n<p>Sin perjuicio de lo indicado en cada uno de los formularios de la web y sus p\u00e1ginas webs, cuando el usuario facilite sus datos de car\u00e1cter personal est\u00e1 autorizando expresamente al titular de la web para el tratamiento de sus datos personales para las finalidades que se indiquen. El titular de la web incorporar\u00e1 los datos facilitados por el usuario en un fichero de su titularidad debidamente comunicado a la Agencia de Protecci\u00f3n de Datos.<\/p>\n\n<p>El usuario o su representante podr\u00e1 ejercitar su derecho de acceso, rectificaci\u00f3n, cancelaci\u00f3n u oposici\u00f3n, mediante solicitud escrita y firmada dirigida al domicilio indicado en el apartado <em>Qui\u00e9nes somos<\/em> de esta web.<\/p>\n\n<p><strong>6.2. A trav\u00e9s de cookies<\/strong><\/p>\n\n<p>Esta web utiliza cookies. Los cookies son peque\u00f1os ficheros de datos que se generan en el ordenador del usuario y que nos permiten conocer la siguiente informaci\u00f3n:<\/p>\n\n<ul>\n<li>La fecha y la hora de la \u00faltima vez que el usuario ha visitado nuestra web.<\/li>\n\n\n\n<li>El dise\u00f1o de contenidos que el usuario ha escogido en su primera vista en nuestra web.<\/li>\n\n\n\n<li>Elementos de seguridad que intervienen en el control de acceso a las \u00e1reas restringidas.<\/li>\n\n\n\n<li>El identificador encriptado del usuario en nuestra base de datos.<\/li>\n\n\n\n<li>El login del usuario<\/li>\n\n\n\n<li>La fecha del servidor y la fecha local del cliente<\/li>\n\n\n\n<li>El idioma por defecto de la publicaci\u00f3n<\/li>\n<\/ul>\n\n<p>El usuario tiene la opci\u00f3n de impedir la generaci\u00f3n de cookies mediante la selecci\u00f3n de la correspondiente opci\u00f3n en su programa navegador.<\/p>\n\n<p><strong>6.3. Confidencialidad<\/strong><\/p>\n\n<p>El titular de la web se compromete al cumplimiento de su obligaci\u00f3n de secreto de los datos de car\u00e1cter personal y a su deber guardarlos de forma confidencial, y adoptar\u00e1 las medidas necesarias para evitar su alteraci\u00f3n, p\u00e9rdida, tratamiento o acceso no autorizado, teniendo en cuenta en todo momento el estado de la tecnolog\u00eda.<\/p>\n\n<p><strong>7. OBSERVACIONES DEL USUARIO<\/strong><\/p>\n\n<p>El usuario garantiza que la informaci\u00f3n, el material, los contenidos o las observaciones que no sean sus propios datos personales y que sean facilitados al titular de la web a trav\u00e9s de la web, no infringen los derechos de propiedad intelectual o industrial de terceros, ni ninguna otra disposici\u00f3n legal.<\/p>\n\n<p>La informaci\u00f3n, los materiales, los contenidos o las observaciones que el usuario facilite al titular de la web se considerar\u00e1n no confidenciales, y el titular de la web se reservar\u00e1 el derecho a usarlas de la forma que considere m\u00e1s adecuada.<\/p>\n\n<p><strong>8. MODIFICACIONES DE LAS CONDICIONES DE USO<\/strong><\/p>\n\n<p>El titular de la web se reserva el derecho a modificar, desarrollar o actualizar en cualquier momento y sin previa notificaci\u00f3n las condiciones de uso de la presente web. El usuario quedar\u00e1 obligado autom\u00e1ticamente por las condiciones de uso que se encuentren vigentes en el momento en que acceda a la web, motivo por el cual deber\u00e1 leer peri\u00f3dicamente dichas condiciones de uso.<\/p>\n\n<p><strong>9. LEGISLACI\u00d3N APLICABLE Y COMPETENCIA JURISDICCIONAL<\/strong><\/p>\n\n<p>Todas las controversias o reclamaciones surgidas de la interpretaci\u00f3n o ejecuci\u00f3n de este Aviso Legal se regir\u00e1n por la legislaci\u00f3n espa\u00f1ola, y se someter\u00e1n a la jurisdicci\u00f3n de los Juzgados y Tribunales del domicilio del titular de la web.<\/p>\n\t\t\t\t\t\t\t\t<\/div>\n\t\t\t\t<\/div>\n\t\t\t\t\t<\/div>\n\t\t\t\t<\/div>\n\t\t\t\t<\/div>\n\t\t","protected":false},"excerpt":{"rendered":"<p>1. IDENTIDAD DEL TITULAR DE LA WEB Para dar cumplimiento a lo establecido en la ley 34\/2002, de 11 de julio, de servicios de la sociedad de la informaci\u00f3n y de comercio electr\u00f3nico, a continuaci\u00f3n se indican los datos de informaci\u00f3n general de este sitio web: Titular: Ejes S.L.U Direcci\u00f3n: C\/ de Ramon Vilomara 73, [&hellip;]<\/p>\n","protected":false},"author":9,"featured_media":0,"parent":0,"menu_order":0,"comment_status":"closed","ping_status":"closed","template":"","meta":{"_acf_changed":false,"footnotes":""},"class_list":["post-4116","page","type-page","status-publish","hentry"],"acf":[],"_links":{"self":[{"href":"https:\/\/eixos.visiondigital.ar\/es\/wp-json\/wp\/v2\/pages\/4116","targetHints":{"allow":["GET"]}}],"collection":[{"href":"https:\/\/eixos.visiondigital.ar\/es\/wp-json\/wp\/v2\/pages"}],"about":[{"href":"https:\/\/eixos.visiondigital.ar\/es\/wp-json\/wp\/v2\/types\/page"}],"author":[{"embeddable":true,"href":"https:\/\/eixos.visiondigital.ar\/es\/wp-json\/wp\/v2\/users\/9"}],"replies":[{"embeddable":true,"href":"https:\/\/eixos.visiondigital.ar\/es\/wp-json\/wp\/v2\/comments?post=4116"}],"version-history":[{"count":18,"href":"https:\/\/eixos.visiondigital.ar\/es\/wp-json\/wp\/v2\/pages\/4116\/revisions"}],"predecessor-version":[{"id":6889,"href":"https:\/\/eixos.visiondigital.ar\/es\/wp-json\/wp\/v2\/pages\/4116\/revisions\/6889"}],"wp:attachment":[{"href":"https:\/\/eixos.visiondigital.ar\/es\/wp-json\/wp\/v2\/media?parent=4116"}],"curies":[{"name":"wp","href":"https:\/\/api.w.org\/{rel}","templated":true}]}}