{"id":4119,"date":"2024-01-11T12:30:57","date_gmt":"2024-01-11T11:30:57","guid":{"rendered":"https:\/\/eixos.visiondigital.ar\/quienes-somos"},"modified":"2024-04-05T13:09:17","modified_gmt":"2024-04-05T11:09:17","slug":"equipo-eixos-creativa","status":"publish","type":"page","link":"https:\/\/eixos.visiondigital.ar\/es\/equipo-eixos-creativa\/","title":{"rendered":"Qui\u00e9nes somos"},"content":{"rendered":"\t\t<div data-elementor-type=\"wp-page\" data-elementor-id=\"4119\" class=\"elementor elementor-4119 elementor-53\" data-elementor-settings=\"{&quot;element_pack_global_tooltip_width&quot;:{&quot;unit&quot;:&quot;px&quot;,&quot;size&quot;:&quot;&quot;,&quot;sizes&quot;:[]},&quot;element_pack_global_tooltip_width_tablet&quot;:{&quot;unit&quot;:&quot;px&quot;,&quot;size&quot;:&quot;&quot;,&quot;sizes&quot;:[]},&quot;element_pack_global_tooltip_width_mobile&quot;:{&quot;unit&quot;:&quot;px&quot;,&quot;size&quot;:&quot;&quot;,&quot;sizes&quot;:[]},&quot;element_pack_global_tooltip_padding&quot;:{&quot;unit&quot;:&quot;px&quot;,&quot;top&quot;:&quot;&quot;,&quot;right&quot;:&quot;&quot;,&quot;bottom&quot;:&quot;&quot;,&quot;left&quot;:&quot;&quot;,&quot;isLinked&quot;:true},&quot;element_pack_global_tooltip_padding_tablet&quot;:{&quot;unit&quot;:&quot;px&quot;,&quot;top&quot;:&quot;&quot;,&quot;right&quot;:&quot;&quot;,&quot;bottom&quot;:&quot;&quot;,&quot;left&quot;:&quot;&quot;,&quot;isLinked&quot;:true},&quot;element_pack_global_tooltip_padding_mobile&quot;:{&quot;unit&quot;:&quot;px&quot;,&quot;top&quot;:&quot;&quot;,&quot;right&quot;:&quot;&quot;,&quot;bottom&quot;:&quot;&quot;,&quot;left&quot;:&quot;&quot;,&quot;isLinked&quot;:true},&quot;element_pack_global_tooltip_border_radius&quot;:{&quot;unit&quot;:&quot;px&quot;,&quot;top&quot;:&quot;&quot;,&quot;right&quot;:&quot;&quot;,&quot;bottom&quot;:&quot;&quot;,&quot;left&quot;:&quot;&quot;,&quot;isLinked&quot;:true},&quot;element_pack_global_tooltip_border_radius_tablet&quot;:{&quot;unit&quot;:&quot;px&quot;,&quot;top&quot;:&quot;&quot;,&quot;right&quot;:&quot;&quot;,&quot;bottom&quot;:&quot;&quot;,&quot;left&quot;:&quot;&quot;,&quot;isLinked&quot;:true},&quot;element_pack_global_tooltip_border_radius_mobile&quot;:{&quot;unit&quot;:&quot;px&quot;,&quot;top&quot;:&quot;&quot;,&quot;right&quot;:&quot;&quot;,&quot;bottom&quot;:&quot;&quot;,&quot;left&quot;:&quot;&quot;,&quot;isLinked&quot;:true}}\" data-elementor-post-type=\"page\">\n\t\t\t\t<div data-dce-background-overlay-color=\"#FF7B0000\" data-dce-background-image-url=\"https:\/\/eixos.visiondigital.ar\/wp-content\/uploads\/2024\/01\/Qui-som.jpg\" class=\"elementor-element elementor-element-d369be0 e-flex e-con-boxed e-con e-parent\" data-id=\"d369be0\" data-element_type=\"container\" data-e-type=\"container\" data-settings=\"{&quot;background_background&quot;:&quot;classic&quot;}\">\n\t\t\t\t\t<div class=\"e-con-inner\">\n\t\t\t\t<div data-dce-text-color=\"#FFFFFF\" class=\"elementor-element elementor-element-928c2fc elementor-widget__width-initial elementor-widget-mobile__width-inherit elementor-widget elementor-widget-text-editor\" data-id=\"928c2fc\" data-element_type=\"widget\" data-e-type=\"widget\" data-widget_type=\"text-editor.default\">\n\t\t\t\t<div class=\"elementor-widget-container\">\n\t\t\t\t\t\t\t\t\t<p><span style=\"font-weight: 400;\">En Ejes Creativa ofrecemos actividades y talleres de educaci\u00f3n art\u00edstica y disciplinas STEAM para ni\u00f1os y j\u00f3venes.<\/span><\/p>\n\t\t\t\t\t\t\t\t<\/div>\n\t\t\t\t<\/div>\n\t\t\t\t\t<\/div>\n\t\t\t\t<\/div>\n\t\t<div class=\"elementor-element elementor-element-ed817c5 e-con-full e-flex e-con e-parent\" data-id=\"ed817c5\" data-element_type=\"container\" data-e-type=\"container\">\n\t\t\t\t<div class=\"elementor-element elementor-element-c18b2fb elementor-widget elementor-widget-heading\" data-id=\"c18b2fb\" data-element_type=\"widget\" data-e-type=\"widget\" data-widget_type=\"heading.default\">\n\t\t\t\t<div class=\"elementor-widget-container\">\n\t\t\t\t\t<h2 class=\"elementor-heading-title elementor-size-default\">\u00bfY c\u00f3mo empez\u00f3 todo esto?  <\/h2>\t\t\t\t<\/div>\n\t\t\t\t<\/div>\n\t\t\t\t<div data-dce-text-color=\"#000000\" class=\"elementor-element elementor-element-4ba3260 elementor-widget elementor-widget-text-editor\" data-id=\"4ba3260\" data-element_type=\"widget\" data-e-type=\"widget\" data-widget_type=\"text-editor.default\">\n\t\t\t\t<div class=\"elementor-widget-container\">\n\t\t\t\t\t\t\t\t\t<p><span style=\"font-weight: 400;\">Todo empez\u00f3 con un <strong>regalo. <\/strong> <\/span><\/p><p><span style=\"font-weight: 400;\">En 2013 Jordi recibi\u00f3 un regalo muy curioso. Un pack de arcilla<strong> JumpingClay<\/strong>, un material muy novedoso y que no hab\u00eda visto nunca hasta entonces. A partir de este momento empezamos a investigar y nos introdujimos en el mundo de las <strong>extraescolares<\/strong> primero enfoc\u00e1ndonos a actividades con esta arcilla en zona del Poblenou, nuestro barrio, y luego abri\u00e9ndonos hacia otras <strong>actividades creativas.<\/strong><\/span><\/p><p><span style=\"font-weight: 400;\">Con m\u00e1s de <strong>10 a\u00f1os de experiencia<\/strong> en el sector, hemos crecido desde nuestros inicios. Con el tiempo, hemos ampliado nuestra oferta incorporando <strong>otras disciplinas<\/strong> como el c\u00f3mic, el dibujo art\u00edstico y la tecnolog\u00eda creativa. <\/span><\/p><p><span style=\"font-weight: 400;\">Actualmente tenemos presencia en m\u00e1s de <strong>40 escuelas<\/strong> del \u00e1rea metropolitana de Barcelona, y colaboramos activamente con centros culturales e instituciones para fomentar la creatividad, la expresi\u00f3n art\u00edstica y el desarrollo de las competencias STEAM a trav\u00e9s de nuestros talleres y actividades. <strong>Nuestro compromiso<\/strong> con la educaci\u00f3n art\u00edstica y tecnol\u00f3gica nos ha permitido conectar con miles de alumnos, proporcion\u00e1ndoles un espacio para <strong>explorar y expresar<\/strong> <strong>su creatividad<\/strong> y desarrollar habilidades esenciales como el <strong>pensamiento cr\u00edtico<\/strong>, la <strong>resoluci\u00f3n de problemas<\/strong> y el <strong>trabajo en equipo.<\/strong><\/span><\/p><p><span style=\"font-weight: 400;\">Contamos con un equipo de m\u00e1s de <strong>30 monitores<\/strong> y <strong>talleristas<\/strong> vinculados al mundo de las artes pl\u00e1sticas, la educaci\u00f3n y el ocio educativo que son el verdadero <strong>motor<\/strong> de nuestra entidad!<\/span><\/p>\t\t\t\t\t\t\t\t<\/div>\n\t\t\t\t<\/div>\n\t\t\t\t<\/div>\n\t\t<div data-dce-background-color=\"#F2F2F2\" class=\"elementor-element elementor-element-28c463e e-flex e-con-boxed e-con e-parent\" data-id=\"28c463e\" data-element_type=\"container\" data-e-type=\"container\" data-settings=\"{&quot;background_background&quot;:&quot;classic&quot;}\">\n\t\t\t\t\t<div class=\"e-con-inner\">\n\t\t\t\t<div class=\"elementor-element elementor-element-6e8ec3f elementor-widget elementor-widget-heading\" data-id=\"6e8ec3f\" data-element_type=\"widget\" data-e-type=\"widget\" data-widget_type=\"heading.default\">\n\t\t\t\t<div class=\"elementor-widget-container\">\n\t\t\t\t\t<h2 class=\"elementor-heading-title elementor-size-default\">Este es nuestro equipo:<\/h2>\t\t\t\t<\/div>\n\t\t\t\t<\/div>\n\t\t<div class=\"elementor-element elementor-element-01a1d60 e-flex e-con-boxed e-con e-child\" data-id=\"01a1d60\" data-element_type=\"container\" data-e-type=\"container\">\n\t\t\t\t\t<div class=\"e-con-inner\">\n\t\t<div class=\"elementor-element elementor-element-3909d9e e-con-full e-flex e-con e-child\" data-id=\"3909d9e\" data-element_type=\"container\" data-e-type=\"container\" data-settings=\"{&quot;background_background&quot;:&quot;classic&quot;}\">\n\t\t\t\t<div class=\"elementor-element elementor-element-e1524af elementor-widget elementor-widget-image\" data-id=\"e1524af\" data-element_type=\"widget\" data-e-type=\"widget\" data-widget_type=\"image.default\">\n\t\t\t\t<div class=\"elementor-widget-container\">\n\t\t\t\t\t\t\t\t\t\t\t\t\t\t\t<img fetchpriority=\"high\" decoding=\"async\" width=\"1176\" height=\"1176\" src=\"https:\/\/eixos.visiondigital.ar\/wp-content\/uploads\/2024\/01\/Jordi-navarro.jpg\" class=\"attachment-full size-full wp-image-2620\" alt=\"\" srcset=\"https:\/\/eixos.visiondigital.ar\/wp-content\/uploads\/2024\/01\/Jordi-navarro.jpg 1176w, https:\/\/eixos.visiondigital.ar\/wp-content\/uploads\/2024\/01\/Jordi-navarro-300x300.jpg 300w, https:\/\/eixos.visiondigital.ar\/wp-content\/uploads\/2024\/01\/Jordi-navarro-1024x1024.jpg 1024w, https:\/\/eixos.visiondigital.ar\/wp-content\/uploads\/2024\/01\/Jordi-navarro-150x150.jpg 150w, https:\/\/eixos.visiondigital.ar\/wp-content\/uploads\/2024\/01\/Jordi-navarro-768x768.jpg 768w\" sizes=\"(max-width: 1176px) 100vw, 1176px\" \/>\t\t\t\t\t\t\t\t\t\t\t\t\t\t\t<\/div>\n\t\t\t\t<\/div>\n\t\t\t\t<div data-dce-title-color=\"#FFFFFF\" class=\"elementor-element elementor-element-7929ad3 elementor-widget elementor-widget-heading\" data-id=\"7929ad3\" data-element_type=\"widget\" data-e-type=\"widget\" data-widget_type=\"heading.default\">\n\t\t\t\t<div class=\"elementor-widget-container\">\n\t\t\t\t\t<span class=\"elementor-heading-title elementor-size-default\">Jordi navarro<\/span>\t\t\t\t<\/div>\n\t\t\t\t<\/div>\n\t\t\t\t<div data-dce-text-color=\"#FFFFFF\" class=\"elementor-element elementor-element-103f11e elementor-widget elementor-widget-text-editor\" data-id=\"103f11e\" data-element_type=\"widget\" data-e-type=\"widget\" data-widget_type=\"text-editor.default\">\n\t\t\t\t<div class=\"elementor-widget-container\">\n\t\t\t\t\t\t\t\t\t<p><span style=\"font-weight: 400;\">Socio fundador<\/span><\/p>\n\t\t\t\t\t\t\t\t<\/div>\n\t\t\t\t<\/div>\n\t\t\t\t<div data-dce-text-color=\"#FFFFFF\" class=\"elementor-element elementor-element-e869b59 elementor-widget elementor-widget-text-editor\" data-id=\"e869b59\" data-element_type=\"widget\" data-e-type=\"widget\" data-widget_type=\"text-editor.default\">\n\t\t\t\t<div class=\"elementor-widget-container\">\n\t\t\t\t\t\t\t\t\t<p><span style=\"font-weight: 400;\">Gesti\u00f3n financiera y gesti\u00f3n pedag\u00f3gica de las actividades art\u00edsticas.<\/span><\/p>\n\t\t\t\t\t\t\t\t<\/div>\n\t\t\t\t<\/div>\n\t\t\t\t<\/div>\n\t\t<div class=\"elementor-element elementor-element-c776a3e e-con-full e-flex e-con e-child\" data-id=\"c776a3e\" data-element_type=\"container\" data-e-type=\"container\" data-settings=\"{&quot;background_background&quot;:&quot;classic&quot;}\">\n\t\t\t\t<div class=\"elementor-element elementor-element-b356885 elementor-widget elementor-widget-image\" data-id=\"b356885\" data-element_type=\"widget\" data-e-type=\"widget\" data-widget_type=\"image.default\">\n\t\t\t\t<div class=\"elementor-widget-container\">\n\t\t\t\t\t\t\t\t\t\t\t\t\t\t\t<img decoding=\"async\" width=\"1987\" height=\"1949\" src=\"https:\/\/eixos.visiondigital.ar\/wp-content\/uploads\/2024\/01\/Lidia-Roca.jpg\" class=\"attachment-full size-full wp-image-2621\" alt=\"\" srcset=\"https:\/\/eixos.visiondigital.ar\/wp-content\/uploads\/2024\/01\/Lidia-Roca.jpg 1987w, https:\/\/eixos.visiondigital.ar\/wp-content\/uploads\/2024\/01\/Lidia-Roca-300x294.jpg 300w, https:\/\/eixos.visiondigital.ar\/wp-content\/uploads\/2024\/01\/Lidia-Roca-1024x1004.jpg 1024w, https:\/\/eixos.visiondigital.ar\/wp-content\/uploads\/2024\/01\/Lidia-Roca-768x753.jpg 768w, https:\/\/eixos.visiondigital.ar\/wp-content\/uploads\/2024\/01\/Lidia-Roca-1536x1507.jpg 1536w\" sizes=\"(max-width: 1987px) 100vw, 1987px\" \/>\t\t\t\t\t\t\t\t\t\t\t\t\t\t\t<\/div>\n\t\t\t\t<\/div>\n\t\t\t\t<div data-dce-title-color=\"#FFFFFF\" class=\"elementor-element elementor-element-ca996f7 elementor-widget elementor-widget-heading\" data-id=\"ca996f7\" data-element_type=\"widget\" data-e-type=\"widget\" data-widget_type=\"heading.default\">\n\t\t\t\t<div class=\"elementor-widget-container\">\n\t\t\t\t\t<span class=\"elementor-heading-title elementor-size-default\">L\u00eddia Roca<\/span>\t\t\t\t<\/div>\n\t\t\t\t<\/div>\n\t\t\t\t<div data-dce-text-color=\"#FFFFFF\" class=\"elementor-element elementor-element-b2a04d9 elementor-widget elementor-widget-text-editor\" data-id=\"b2a04d9\" data-element_type=\"widget\" data-e-type=\"widget\" data-widget_type=\"text-editor.default\">\n\t\t\t\t<div class=\"elementor-widget-container\">\n\t\t\t\t\t\t\t\t\t<p><span style=\"font-weight: 400;\">Socia fundadora<\/span><\/p>\n\t\t\t\t\t\t\t\t<\/div>\n\t\t\t\t<\/div>\n\t\t\t\t<div data-dce-text-color=\"#FFFFFF\" class=\"elementor-element elementor-element-f187091 elementor-widget elementor-widget-text-editor\" data-id=\"f187091\" data-element_type=\"widget\" data-e-type=\"widget\" data-widget_type=\"text-editor.default\">\n\t\t\t\t<div class=\"elementor-widget-container\">\n\t\t\t\t\t\t\t\t\t<p><span style=\"font-weight: 400;\">Gesti\u00f3n comercial y de comunicaci\u00f3n, coordinaci\u00f3n de equipos, escuelas y familias. Coordinaci\u00f3n de talleres y eventos.  <\/span><\/p>\n\t\t\t\t\t\t\t\t<\/div>\n\t\t\t\t<\/div>\n\t\t\t\t<\/div>\n\t\t\t\t\t<\/div>\n\t\t\t\t<\/div>\n\t\t<div class=\"elementor-element elementor-element-c4d3bf1 e-flex e-con-boxed e-con e-child\" data-id=\"c4d3bf1\" data-element_type=\"container\" data-e-type=\"container\">\n\t\t\t\t\t<div class=\"e-con-inner\">\n\t\t<div class=\"elementor-element elementor-element-f52ed29 e-con-full e-flex e-con e-child\" data-id=\"f52ed29\" data-element_type=\"container\" data-e-type=\"container\" data-settings=\"{&quot;background_background&quot;:&quot;classic&quot;}\">\n\t\t\t\t<div class=\"elementor-element elementor-element-18899a5 elementor-widget elementor-widget-image\" data-id=\"18899a5\" data-element_type=\"widget\" data-e-type=\"widget\" data-widget_type=\"image.default\">\n\t\t\t\t<div class=\"elementor-widget-container\">\n\t\t\t\t\t\t\t\t\t\t\t\t\t\t\t<img decoding=\"async\" width=\"512\" height=\"512\" src=\"https:\/\/eixos.visiondigital.ar\/wp-content\/uploads\/2024\/01\/David-Rodriguez.jpg\" class=\"attachment-full size-full wp-image-2622\" alt=\"\" srcset=\"https:\/\/eixos.visiondigital.ar\/wp-content\/uploads\/2024\/01\/David-Rodriguez.jpg 512w, https:\/\/eixos.visiondigital.ar\/wp-content\/uploads\/2024\/01\/David-Rodriguez-300x300.jpg 300w, https:\/\/eixos.visiondigital.ar\/wp-content\/uploads\/2024\/01\/David-Rodriguez-150x150.jpg 150w\" sizes=\"(max-width: 512px) 100vw, 512px\" \/>\t\t\t\t\t\t\t\t\t\t\t\t\t\t\t<\/div>\n\t\t\t\t<\/div>\n\t\t\t\t<div data-dce-title-color=\"#FFFFFF\" class=\"elementor-element elementor-element-5a2b476 elementor-widget elementor-widget-heading\" data-id=\"5a2b476\" data-element_type=\"widget\" data-e-type=\"widget\" data-widget_type=\"heading.default\">\n\t\t\t\t<div class=\"elementor-widget-container\">\n\t\t\t\t\t<span class=\"elementor-heading-title elementor-size-default\">David Rodr\u00edguez<\/span>\t\t\t\t<\/div>\n\t\t\t\t<\/div>\n\t\t\t\t<div class=\"elementor-element elementor-element-fec2977 elementor-widget-divider--view-line elementor-widget elementor-widget-divider\" data-id=\"fec2977\" data-element_type=\"widget\" data-e-type=\"widget\" data-widget_type=\"divider.default\">\n\t\t\t\t<div class=\"elementor-widget-container\">\n\t\t\t\t\t\t\t<div class=\"elementor-divider\">\n\t\t\t<span class=\"elementor-divider-separator\">\n\t\t\t\t\t\t<\/span>\n\t\t<\/div>\n\t\t\t\t\t\t<\/div>\n\t\t\t\t<\/div>\n\t\t\t\t<div data-dce-text-color=\"#FFFFFF\" class=\"elementor-element elementor-element-b31f132 elementor-widget elementor-widget-text-editor\" data-id=\"b31f132\" data-element_type=\"widget\" data-e-type=\"widget\" data-widget_type=\"text-editor.default\">\n\t\t\t\t<div class=\"elementor-widget-container\">\n\t\t\t\t\t\t\t\t\t<p><span style=\"font-weight: 400;\">Gesti\u00f3n pedag\u00f3gica de las actividades tecnol\u00f3gicas<\/span><\/p>\n\t\t\t\t\t\t\t\t<\/div>\n\t\t\t\t<\/div>\n\t\t\t\t<\/div>\n\t\t<div class=\"elementor-element elementor-element-64619b0 e-con-full e-flex e-con e-child\" data-id=\"64619b0\" data-element_type=\"container\" data-e-type=\"container\" data-settings=\"{&quot;background_background&quot;:&quot;classic&quot;}\">\n\t\t\t\t<div class=\"elementor-element elementor-element-5cc4681 elementor-widget elementor-widget-image\" data-id=\"5cc4681\" data-element_type=\"widget\" data-e-type=\"widget\" data-widget_type=\"image.default\">\n\t\t\t\t<div class=\"elementor-widget-container\">\n\t\t\t\t\t\t\t\t\t\t\t\t\t\t\t<img loading=\"lazy\" decoding=\"async\" width=\"399\" height=\"399\" src=\"https:\/\/eixos.visiondigital.ar\/wp-content\/uploads\/2024\/02\/Laura-de-Erausquin-e1712315343829.jpg\" class=\"attachment-full size-full wp-image-4631\" alt=\"Laura de Erausquin\" srcset=\"https:\/\/eixos.visiondigital.ar\/wp-content\/uploads\/2024\/02\/Laura-de-Erausquin-e1712315343829.jpg 399w, https:\/\/eixos.visiondigital.ar\/wp-content\/uploads\/2024\/02\/Laura-de-Erausquin-e1712315343829-300x300.jpg 300w, https:\/\/eixos.visiondigital.ar\/wp-content\/uploads\/2024\/02\/Laura-de-Erausquin-e1712315343829-150x150.jpg 150w\" sizes=\"(max-width: 399px) 100vw, 399px\" \/>\t\t\t\t\t\t\t\t\t\t\t\t\t\t\t<\/div>\n\t\t\t\t<\/div>\n\t\t\t\t<div data-dce-title-color=\"#FFFFFF\" class=\"elementor-element elementor-element-74e2149 elementor-widget elementor-widget-heading\" data-id=\"74e2149\" data-element_type=\"widget\" data-e-type=\"widget\" data-widget_type=\"heading.default\">\n\t\t\t\t<div class=\"elementor-widget-container\">\n\t\t\t\t\t<span class=\"elementor-heading-title elementor-size-default\">Laura de Erausquin<\/span>\t\t\t\t<\/div>\n\t\t\t\t<\/div>\n\t\t\t\t<div class=\"elementor-element elementor-element-e8b2e02 elementor-widget-divider--view-line elementor-widget elementor-widget-divider\" data-id=\"e8b2e02\" data-element_type=\"widget\" data-e-type=\"widget\" data-widget_type=\"divider.default\">\n\t\t\t\t<div class=\"elementor-widget-container\">\n\t\t\t\t\t\t\t<div class=\"elementor-divider\">\n\t\t\t<span class=\"elementor-divider-separator\">\n\t\t\t\t\t\t<\/span>\n\t\t<\/div>\n\t\t\t\t\t\t<\/div>\n\t\t\t\t<\/div>\n\t\t\t\t<div data-dce-text-color=\"#FFFFFF\" class=\"elementor-element elementor-element-f77447f elementor-widget elementor-widget-text-editor\" data-id=\"f77447f\" data-element_type=\"widget\" data-e-type=\"widget\" data-widget_type=\"text-editor.default\">\n\t\t\t\t<div class=\"elementor-widget-container\">\n\t\t\t\t\t\t\t\t\t<p><span style=\"font-weight: 400;\">Coordinaci\u00f3n y supervisi\u00f3n extraescolares art\u00edsticas.<\/span><\/p>\n\t\t\t\t\t\t\t\t<\/div>\n\t\t\t\t<\/div>\n\t\t\t\t<\/div>\n\t\t<div class=\"elementor-element elementor-element-62aca35 e-con-full e-flex e-con e-child\" data-id=\"62aca35\" data-element_type=\"container\" data-e-type=\"container\" data-settings=\"{&quot;background_background&quot;:&quot;classic&quot;}\">\n\t\t\t\t<div class=\"elementor-element elementor-element-fa80b05 elementor-widget elementor-widget-image\" data-id=\"fa80b05\" data-element_type=\"widget\" data-e-type=\"widget\" data-widget_type=\"image.default\">\n\t\t\t\t<div class=\"elementor-widget-container\">\n\t\t\t\t\t\t\t\t\t\t\t\t\t\t\t<img loading=\"lazy\" decoding=\"async\" width=\"759\" height=\"757\" src=\"https:\/\/eixos.visiondigital.ar\/wp-content\/uploads\/2024\/02\/Lucia-Conde.jpg\" class=\"attachment-full size-full wp-image-2715\" alt=\"\" srcset=\"https:\/\/eixos.visiondigital.ar\/wp-content\/uploads\/2024\/02\/Lucia-Conde.jpg 759w, https:\/\/eixos.visiondigital.ar\/wp-content\/uploads\/2024\/02\/Lucia-Conde-300x300.jpg 300w, https:\/\/eixos.visiondigital.ar\/wp-content\/uploads\/2024\/02\/Lucia-Conde-150x150.jpg 150w\" sizes=\"(max-width: 759px) 100vw, 759px\" \/>\t\t\t\t\t\t\t\t\t\t\t\t\t\t\t<\/div>\n\t\t\t\t<\/div>\n\t\t\t\t<div data-dce-title-color=\"#FFFFFF\" class=\"elementor-element elementor-element-1ad9a30 elementor-widget elementor-widget-heading\" data-id=\"1ad9a30\" data-element_type=\"widget\" data-e-type=\"widget\" data-widget_type=\"heading.default\">\n\t\t\t\t<div class=\"elementor-widget-container\">\n\t\t\t\t\t<span class=\"elementor-heading-title elementor-size-default\">Lucia Conde<\/span>\t\t\t\t<\/div>\n\t\t\t\t<\/div>\n\t\t\t\t<div class=\"elementor-element elementor-element-1f0102f elementor-widget-divider--view-line elementor-widget elementor-widget-divider\" data-id=\"1f0102f\" data-element_type=\"widget\" data-e-type=\"widget\" data-widget_type=\"divider.default\">\n\t\t\t\t<div class=\"elementor-widget-container\">\n\t\t\t\t\t\t\t<div class=\"elementor-divider\">\n\t\t\t<span class=\"elementor-divider-separator\">\n\t\t\t\t\t\t<\/span>\n\t\t<\/div>\n\t\t\t\t\t\t<\/div>\n\t\t\t\t<\/div>\n\t\t\t\t<div data-dce-text-color=\"#FFFFFF\" class=\"elementor-element elementor-element-d7dc93e elementor-widget elementor-widget-text-editor\" data-id=\"d7dc93e\" data-element_type=\"widget\" data-e-type=\"widget\" data-widget_type=\"text-editor.default\">\n\t\t\t\t<div class=\"elementor-widget-container\">\n\t\t\t\t\t\t\t\t\t<p><span style=\"font-weight: 400;\">Administraci\u00f3n y gesti\u00f3n pedag\u00f3gica actividades tecnol\u00f3gicas. Coordinaci\u00f3n y supervisi\u00f3n extraescolares tecnol\u00f3gicas.<\/span><\/p>\n\t\t\t\t\t\t\t\t<\/div>\n\t\t\t\t<\/div>\n\t\t\t\t<\/div>\n\t\t\t\t\t<\/div>\n\t\t\t\t<\/div>\n\t\t\t\t\t<\/div>\n\t\t\t\t<\/div>\n\t\t\t\t<\/div>\n\t\t","protected":false},"excerpt":{"rendered":"<p>En Ejes Creativa ofrecemos actividades y talleres de educaci\u00f3n art\u00edstica y disciplinas STEAM para ni\u00f1os y j\u00f3venes. \u00bfY c\u00f3mo empez\u00f3 todo esto? Todo empez\u00f3 con un regalo. En 2013 Jordi recibi\u00f3 un regalo muy curioso. Un pack de arcilla JumpingClay, un material muy novedoso y que no hab\u00eda visto nunca hasta entonces. A partir de [&hellip;]<\/p>\n","protected":false},"author":9,"featured_media":0,"parent":0,"menu_order":0,"comment_status":"closed","ping_status":"closed","template":"","meta":{"_acf_changed":false,"footnotes":""},"class_list":["post-4119","page","type-page","status-publish","hentry"],"acf":[],"_links":{"self":[{"href":"https:\/\/eixos.visiondigital.ar\/es\/wp-json\/wp\/v2\/pages\/4119","targetHints":{"allow":["GET"]}}],"collection":[{"href":"https:\/\/eixos.visiondigital.ar\/es\/wp-json\/wp\/v2\/pages"}],"about":[{"href":"https:\/\/eixos.visiondigital.ar\/es\/wp-json\/wp\/v2\/types\/page"}],"author":[{"embeddable":true,"href":"https:\/\/eixos.visiondigital.ar\/es\/wp-json\/wp\/v2\/users\/9"}],"replies":[{"embeddable":true,"href":"https:\/\/eixos.visiondigital.ar\/es\/wp-json\/wp\/v2\/comments?post=4119"}],"version-history":[{"count":36,"href":"https:\/\/eixos.visiondigital.ar\/es\/wp-json\/wp\/v2\/pages\/4119\/revisions"}],"predecessor-version":[{"id":6686,"href":"https:\/\/eixos.visiondigital.ar\/es\/wp-json\/wp\/v2\/pages\/4119\/revisions\/6686"}],"wp:attachment":[{"href":"https:\/\/eixos.visiondigital.ar\/es\/wp-json\/wp\/v2\/media?parent=4119"}],"curies":[{"name":"wp","href":"https:\/\/api.w.org\/{rel}","templated":true}]}}