{"id":5921,"date":"2024-03-01T13:56:11","date_gmt":"2024-03-01T12:56:11","guid":{"rendered":"https:\/\/eixos.visiondigital.ar\/?page_id=5921"},"modified":"2024-04-23T03:49:42","modified_gmt":"2024-04-23T01:49:42","slug":"declaracion-de-accesibilidad-para-eixos-s-l","status":"publish","type":"page","link":"https:\/\/eixos.visiondigital.ar\/es\/declaracion-de-accesibilidad-para-eixos-s-l\/","title":{"rendered":"Declaraci\u00f3n de accesibilidad para Eixos S.L."},"content":{"rendered":"\t\t<div data-elementor-type=\"wp-page\" data-elementor-id=\"5921\" class=\"elementor elementor-5921\" data-elementor-settings=\"{&quot;element_pack_global_tooltip_width&quot;:{&quot;unit&quot;:&quot;px&quot;,&quot;size&quot;:&quot;&quot;,&quot;sizes&quot;:[]},&quot;element_pack_global_tooltip_width_tablet&quot;:{&quot;unit&quot;:&quot;px&quot;,&quot;size&quot;:&quot;&quot;,&quot;sizes&quot;:[]},&quot;element_pack_global_tooltip_width_mobile&quot;:{&quot;unit&quot;:&quot;px&quot;,&quot;size&quot;:&quot;&quot;,&quot;sizes&quot;:[]},&quot;element_pack_global_tooltip_padding&quot;:{&quot;unit&quot;:&quot;px&quot;,&quot;top&quot;:&quot;&quot;,&quot;right&quot;:&quot;&quot;,&quot;bottom&quot;:&quot;&quot;,&quot;left&quot;:&quot;&quot;,&quot;isLinked&quot;:true},&quot;element_pack_global_tooltip_padding_tablet&quot;:{&quot;unit&quot;:&quot;px&quot;,&quot;top&quot;:&quot;&quot;,&quot;right&quot;:&quot;&quot;,&quot;bottom&quot;:&quot;&quot;,&quot;left&quot;:&quot;&quot;,&quot;isLinked&quot;:true},&quot;element_pack_global_tooltip_padding_mobile&quot;:{&quot;unit&quot;:&quot;px&quot;,&quot;top&quot;:&quot;&quot;,&quot;right&quot;:&quot;&quot;,&quot;bottom&quot;:&quot;&quot;,&quot;left&quot;:&quot;&quot;,&quot;isLinked&quot;:true},&quot;element_pack_global_tooltip_border_radius&quot;:{&quot;unit&quot;:&quot;px&quot;,&quot;top&quot;:&quot;&quot;,&quot;right&quot;:&quot;&quot;,&quot;bottom&quot;:&quot;&quot;,&quot;left&quot;:&quot;&quot;,&quot;isLinked&quot;:true},&quot;element_pack_global_tooltip_border_radius_tablet&quot;:{&quot;unit&quot;:&quot;px&quot;,&quot;top&quot;:&quot;&quot;,&quot;right&quot;:&quot;&quot;,&quot;bottom&quot;:&quot;&quot;,&quot;left&quot;:&quot;&quot;,&quot;isLinked&quot;:true},&quot;element_pack_global_tooltip_border_radius_mobile&quot;:{&quot;unit&quot;:&quot;px&quot;,&quot;top&quot;:&quot;&quot;,&quot;right&quot;:&quot;&quot;,&quot;bottom&quot;:&quot;&quot;,&quot;left&quot;:&quot;&quot;,&quot;isLinked&quot;:true}}\" data-elementor-post-type=\"page\">\n\t\t\t\t<div class=\"elementor-element elementor-element-14a44f5d e-flex e-con-boxed e-con e-parent\" data-id=\"14a44f5d\" data-element_type=\"container\" data-e-type=\"container\">\n\t\t\t\t\t<div class=\"e-con-inner\">\n\t\t\t\t<div class=\"elementor-element elementor-element-2ed6a95c elementor-widget elementor-widget-text-editor\" data-id=\"2ed6a95c\" data-element_type=\"widget\" data-e-type=\"widget\" data-widget_type=\"text-editor.default\">\n\t\t\t\t<div class=\"elementor-widget-container\">\n\t\t\t\t\t\t\t\t\t\n<p><strong>Declaraci\u00f3n de accesibilidad para Eixos S.L.<\/strong><\/p>\n<p>Fecha de \u00faltima actualizaci\u00f3n: 29 de Febrero de 2024<br \/>Versi\u00f3n: 1.3<br \/>Aprobaci\u00f3n: GMOL Solutions, 29 de Febrero de 2024<br \/>Cumplimiento: Cumple<br \/>Normativa de referencia: WCAG 2.1, UNE-EN 301 549:2022<br \/>Nivel de conformidad: AA<\/p>\n<p><strong>Objetivo del documento:<\/strong><br \/>El presente documento constituye la Declaraci\u00f3n de Accesibilidad para Eixos S.L., en conformidad con los requisitos del Programa Kit Digital. Detalla el compromiso de la organizaci\u00f3n con la accesibilidad web y su adhesi\u00f3n a las pautas y est\u00e1ndares establecidos por WCAG 2.1 y la norma UNE-EN 301 549:2022.<\/p>\n<p><strong>Alcance:<\/strong><br \/>La presente declaraci\u00f3n abarca todas las p\u00e1ginas, textos, im\u00e1genes y v\u00eddeos alojados bajo el dominio eixoscreativa.com<\/p>\n<p><strong>Responsable de la accesibilidad:<\/strong><br \/>Eixos S.L.<br \/>Contacto: <a target=\"_new\">hola@eixoscreativa.com<\/a><br \/>Tel\u00e9fono: +34 630116924<br \/>Direcci\u00f3n: C\/ de Ramon Turr\u00f3, 73 08005 Barcelona<\/p>\n<p><strong>Procedimiento de quejas y contacto:<\/strong><br \/>Para reportar cualquier problema de accesibilidad o presentar sugerencias, por favor cont\u00e1ctenos a trav\u00e9s de los siguientes medios:<\/p>\n<ul>\n<li>Email: <a target=\"_new\">hola@eixoscreativa.com<\/a><\/li>\n<li>Tel\u00e9fono: +34 630116924<\/li>\n<li>Direcci\u00f3n: C\/ de Ramon Turr\u00f3, 73 08005 Barcelona<\/li>\n<\/ul>\n<p><strong>Compatibilidad con navegadores y dispositivos:<\/strong><br \/>Este sitio web es compatible con una variedad de navegadores y dispositivos, incluyendo Google Chrome, Safari, Opera, Samsung Internet Browser y Mozilla Firefox.<\/p>\n<p><strong>Planes de mejora:<\/strong><br \/>Actualmente no se disponen de datos sobre futuras mejoras en materia de accesibilidad.<\/p>\n\t\t\t\t\t\t\t\t<\/div>\n\t\t\t\t<\/div>\n\t\t\t\t\t<\/div>\n\t\t\t\t<\/div>\n\t\t\t\t<\/div>\n\t\t","protected":false},"excerpt":{"rendered":"<p>Declaraci\u00f3n de accesibilidad para Eixos S.L. Fecha de \u00faltima actualizaci\u00f3n: 29 de Febrero de 2024Versi\u00f3n: 1.3Aprobaci\u00f3n: GMOL Solutions, 29 de Febrero de 2024Cumplimiento: CumpleNormativa de referencia: WCAG 2.1, UNE-EN 301 549:2022Nivel de conformidad: AA Objetivo del documento:El presente documento constituye la Declaraci\u00f3n de Accesibilidad para Eixos S.L., en conformidad con los requisitos del Programa Kit [&hellip;]<\/p>\n","protected":false},"author":9,"featured_media":0,"parent":0,"menu_order":0,"comment_status":"closed","ping_status":"closed","template":"","meta":{"_acf_changed":false,"footnotes":""},"class_list":["post-5921","page","type-page","status-publish","hentry"],"acf":[],"_links":{"self":[{"href":"https:\/\/eixos.visiondigital.ar\/es\/wp-json\/wp\/v2\/pages\/5921","targetHints":{"allow":["GET"]}}],"collection":[{"href":"https:\/\/eixos.visiondigital.ar\/es\/wp-json\/wp\/v2\/pages"}],"about":[{"href":"https:\/\/eixos.visiondigital.ar\/es\/wp-json\/wp\/v2\/types\/page"}],"author":[{"embeddable":true,"href":"https:\/\/eixos.visiondigital.ar\/es\/wp-json\/wp\/v2\/users\/9"}],"replies":[{"embeddable":true,"href":"https:\/\/eixos.visiondigital.ar\/es\/wp-json\/wp\/v2\/comments?post=5921"}],"version-history":[{"count":10,"href":"https:\/\/eixos.visiondigital.ar\/es\/wp-json\/wp\/v2\/pages\/5921\/revisions"}],"predecessor-version":[{"id":6865,"href":"https:\/\/eixos.visiondigital.ar\/es\/wp-json\/wp\/v2\/pages\/5921\/revisions\/6865"}],"wp:attachment":[{"href":"https:\/\/eixos.visiondigital.ar\/es\/wp-json\/wp\/v2\/media?parent=5921"}],"curies":[{"name":"wp","href":"https:\/\/api.w.org\/{rel}","templated":true}]}}