{"id":8282,"date":"2024-10-16T15:58:34","date_gmt":"2024-10-16T13:58:34","guid":{"rendered":"https:\/\/eixos.visiondigital.ar\/honey-clay"},"modified":"2024-12-19T17:51:11","modified_gmt":"2024-12-19T16:51:11","slug":"honey-clay","status":"publish","type":"page","link":"https:\/\/eixos.visiondigital.ar\/es\/honey-clay\/","title":{"rendered":"Honey Clay"},"content":{"rendered":"\t\t<div data-elementor-type=\"wp-page\" data-elementor-id=\"8282\" class=\"elementor elementor-8282 elementor-8243\" data-elementor-settings=\"{&quot;element_pack_global_tooltip_width&quot;:{&quot;unit&quot;:&quot;px&quot;,&quot;size&quot;:&quot;&quot;,&quot;sizes&quot;:[]},&quot;element_pack_global_tooltip_width_tablet&quot;:{&quot;unit&quot;:&quot;px&quot;,&quot;size&quot;:&quot;&quot;,&quot;sizes&quot;:[]},&quot;element_pack_global_tooltip_width_mobile&quot;:{&quot;unit&quot;:&quot;px&quot;,&quot;size&quot;:&quot;&quot;,&quot;sizes&quot;:[]},&quot;element_pack_global_tooltip_padding&quot;:{&quot;unit&quot;:&quot;px&quot;,&quot;top&quot;:&quot;&quot;,&quot;right&quot;:&quot;&quot;,&quot;bottom&quot;:&quot;&quot;,&quot;left&quot;:&quot;&quot;,&quot;isLinked&quot;:true},&quot;element_pack_global_tooltip_padding_tablet&quot;:{&quot;unit&quot;:&quot;px&quot;,&quot;top&quot;:&quot;&quot;,&quot;right&quot;:&quot;&quot;,&quot;bottom&quot;:&quot;&quot;,&quot;left&quot;:&quot;&quot;,&quot;isLinked&quot;:true},&quot;element_pack_global_tooltip_padding_mobile&quot;:{&quot;unit&quot;:&quot;px&quot;,&quot;top&quot;:&quot;&quot;,&quot;right&quot;:&quot;&quot;,&quot;bottom&quot;:&quot;&quot;,&quot;left&quot;:&quot;&quot;,&quot;isLinked&quot;:true},&quot;element_pack_global_tooltip_border_radius&quot;:{&quot;unit&quot;:&quot;px&quot;,&quot;top&quot;:&quot;&quot;,&quot;right&quot;:&quot;&quot;,&quot;bottom&quot;:&quot;&quot;,&quot;left&quot;:&quot;&quot;,&quot;isLinked&quot;:true},&quot;element_pack_global_tooltip_border_radius_tablet&quot;:{&quot;unit&quot;:&quot;px&quot;,&quot;top&quot;:&quot;&quot;,&quot;right&quot;:&quot;&quot;,&quot;bottom&quot;:&quot;&quot;,&quot;left&quot;:&quot;&quot;,&quot;isLinked&quot;:true},&quot;element_pack_global_tooltip_border_radius_mobile&quot;:{&quot;unit&quot;:&quot;px&quot;,&quot;top&quot;:&quot;&quot;,&quot;right&quot;:&quot;&quot;,&quot;bottom&quot;:&quot;&quot;,&quot;left&quot;:&quot;&quot;,&quot;isLinked&quot;:true}}\" data-elementor-post-type=\"page\">\n\t\t\t\t<div class=\"elementor-element elementor-element-b7593d6 e-flex e-con-boxed e-con e-parent\" data-id=\"b7593d6\" data-element_type=\"container\" data-e-type=\"container\">\n\t\t\t\t\t<div class=\"e-con-inner\">\n\t\t\t\t<div class=\"elementor-element elementor-element-34a800e elementor-widget elementor-widget-image\" data-id=\"34a800e\" data-element_type=\"widget\" data-e-type=\"widget\" data-widget_type=\"image.default\">\n\t\t\t\t<div class=\"elementor-widget-container\">\n\t\t\t\t\t\t\t\t\t\t\t\t\t\t\t<img fetchpriority=\"high\" decoding=\"async\" width=\"568\" height=\"223\" src=\"https:\/\/eixos.visiondigital.ar\/wp-content\/uploads\/2024\/10\/honeyclay-e1732095106175.png\" class=\"attachment-large size-large wp-image-8291\" alt=\"\" \/>\t\t\t\t\t\t\t\t\t\t\t\t\t\t\t<\/div>\n\t\t\t\t<\/div>\n\t\t\t\t\t<\/div>\n\t\t\t\t<\/div>\n\t\t<div class=\"elementor-element elementor-element-13505a76 e-flex e-con-boxed e-con e-parent\" data-id=\"13505a76\" data-element_type=\"container\" data-e-type=\"container\">\n\t\t\t\t\t<div class=\"e-con-inner\">\n\t\t\t\t<div data-dce-text-color=\"#070707\" class=\"elementor-element elementor-element-5d805161 elementor-widget elementor-widget-text-editor\" data-id=\"5d805161\" data-element_type=\"widget\" data-e-type=\"widget\" data-widget_type=\"text-editor.default\">\n\t\t\t\t<div class=\"elementor-widget-container\">\n\t\t\t\t\t\t\t\t\t<p><strong>Honey Clay es una nueva arcilla que se seca en el aire ideal tanto para peque\u00f1os como para mayores. Su textura suave y flexible permite trabajarla con facilidad, potenciando la creatividad y la imaginaci\u00f3n. <\/strong><\/p>\n<ul>\n<li><strong>Hidratante y suave al tacto<\/strong>: Gracias al extracto de miel a\u00f1adido, Honey Clay se mantiene flexible y moldeable mientras se utiliza. <\/li>\n<li><strong>Totalmente seguro<\/strong>: Formado por resinas solubles en agua, es un producto seguro y no t\u00f3xico, apto para ni\u00f1os a partir de tres a\u00f1os.<\/li>\n<li><strong>Secado en el aire<\/strong>: Una vez modelado, se seca en el aire, sin necesidad de cocci\u00f3n, dejando una pieza s\u00f3lida y ligera.<\/li>\n<li><strong>F\u00e1cil de limpiar<\/strong>: Es f\u00e1cil de eliminar de superficies y no deja residuos pegajosos.<\/li>\n<li><strong>Ampl\u00eda versatilidad<\/strong>: Su aplicaci\u00f3n permite crear todo tipo de formas y figuras, desde peque\u00f1as esculturas hasta proyectos m\u00e1s elaborados, gracias a su consistencia maleable y duradera.<\/li>\n<\/ul>\n<p><strong>Honey Clay<\/strong> es ideal para actividades educativas y creativas, un recurso imprescindible para el desarrollo de la motricidad fina y la imaginaci\u00f3n.<\/p>\n<p><strong>\u00bfD\u00f3nde la puedes comprar?<\/strong><\/p>\n<p>Servicio Estaci\u00f3n Barcelona <span style=\"font-family: var( --e-global-typography-text-font-family ), Sans-serif; font-weight: var( --e-global-typography-text-font-weight ); text-align: var(--text-align); font-size: 1rem;\"> <\/span><a style=\"font-family: var( --e-global-typography-text-font-family ), Sans-serif; font-weight: var( --e-global-typography-text-font-weight ); text-align: var(--text-align); background-color: #ffffff; font-size: 1rem;\" href=\"https:\/\/www.google.com\/maps\/place\/\/data=!4m2!3m1!1s0x12a4a292af9f71ab:0xf0301be0daa4d65e?sa=X&amp;ved=1t:8290&amp;ictx=111\" rel=\"nofollow noopener\" target=\"_blank\">Calle de Arag\u00f3n, 270, 272, L&#8217;Eixample, 08007 Barcelona<\/a><span style=\"font-family: var( --e-global-typography-text-font-family ), Sans-serif; font-weight: var( --e-global-typography-text-font-weight ); text-align: var(--text-align); font-size: 1rem;\"> <\/span><span style=\"font-family: var( --e-global-typography-text-font-family ), Sans-serif; font-weight: var( --e-global-typography-text-font-weight ); text-align: var(--text-align); font-size: 1rem;\"> \/ <a href=\"https:\/\/serveiestacio.com\/es\/marcas\/eixos-s-l.html\" rel=\"nofollow noopener\" target=\"_blank\">Online <\/a><\/span> <\/p>\n\t\t\t\t\t\t\t\t<\/div>\n\t\t\t\t<\/div>\n\t\t\t\t\t<\/div>\n\t\t\t\t<\/div>\n\t\t<div class=\"elementor-element elementor-element-a3f6a4d e-flex e-con-boxed e-con e-parent\" data-id=\"a3f6a4d\" data-element_type=\"container\" data-e-type=\"container\">\n\t\t\t\t\t<div class=\"e-con-inner\">\n\t\t\t\t\t<\/div>\n\t\t\t\t<\/div>\n\t\t\t\t<\/div>\n\t\t","protected":false},"excerpt":{"rendered":"<p>Honey Clay es una nueva arcilla que se seca en el aire ideal tanto para peque\u00f1os como para mayores. Su textura suave y flexible permite trabajarla con facilidad, potenciando la creatividad y la imaginaci\u00f3n. Hidratante y suave al tacto: Gracias al extracto de miel a\u00f1adido, Honey Clay se mantiene flexible y moldeable mientras se utiliza. [&hellip;]<\/p>\n","protected":false},"author":3,"featured_media":0,"parent":0,"menu_order":0,"comment_status":"closed","ping_status":"closed","template":"","meta":{"_acf_changed":false,"footnotes":""},"class_list":["post-8282","page","type-page","status-publish","hentry"],"acf":[],"_links":{"self":[{"href":"https:\/\/eixos.visiondigital.ar\/es\/wp-json\/wp\/v2\/pages\/8282","targetHints":{"allow":["GET"]}}],"collection":[{"href":"https:\/\/eixos.visiondigital.ar\/es\/wp-json\/wp\/v2\/pages"}],"about":[{"href":"https:\/\/eixos.visiondigital.ar\/es\/wp-json\/wp\/v2\/types\/page"}],"author":[{"embeddable":true,"href":"https:\/\/eixos.visiondigital.ar\/es\/wp-json\/wp\/v2\/users\/3"}],"replies":[{"embeddable":true,"href":"https:\/\/eixos.visiondigital.ar\/es\/wp-json\/wp\/v2\/comments?post=8282"}],"version-history":[{"count":3,"href":"https:\/\/eixos.visiondigital.ar\/es\/wp-json\/wp\/v2\/pages\/8282\/revisions"}],"predecessor-version":[{"id":8415,"href":"https:\/\/eixos.visiondigital.ar\/es\/wp-json\/wp\/v2\/pages\/8282\/revisions\/8415"}],"wp:attachment":[{"href":"https:\/\/eixos.visiondigital.ar\/es\/wp-json\/wp\/v2\/media?parent=8282"}],"curies":[{"name":"wp","href":"https:\/\/api.w.org\/{rel}","templated":true}]}}